{"id":14290,"date":"2026-03-10T00:00:04","date_gmt":"2026-03-10T04:00:04","guid":{"rendered":"https:\/\/www.paysagesrossignol.com\/produit\/tomate-rouge-cerise-peacevine\/"},"modified":"2026-03-20T11:16:19","modified_gmt":"2026-03-20T15:16:19","slug":"tomate-rouge-cerise-peacevine","status":"publish","type":"product","link":"https:\/\/www.paysagesrossignol.com\/en\/produit\/tomate-rouge-cerise-peacevine\/","title":{"rendered":"Tomate Cerise Rouge Peacevine &#8211; Bio"},"content":{"rendered":"<h1>Voir disponibilit\u00e9 en magasin<\/h1>\n<p>Grosse cerise rouge. D\u00e9velopp\u00e9e par Alan Kapuler pour avoir une haute teneur en vitamine C. Ind\u00e9termin\u00e9e.<\/p>\n<p>50 semences<\/p>\n<p>Tournesol<\/p>\n","protected":false},"excerpt":{"rendered":"<p>Voir disponibilit\u00e9 en magasin Grosse cerise rouge. D\u00e9velopp\u00e9e par Alan Kapuler pour avoir une haute teneur en vitamine C. Ind\u00e9termin\u00e9e. 50 semences Tournesol<\/p>\n","protected":false},"featured_media":14291,"template":"","meta":[],"product_cat":[123],"product_tag":[],"acf":[],"_links":{"self":[{"href":"https:\/\/www.paysagesrossignol.com\/en\/wp-json\/wp\/v2\/product\/14290"}],"collection":[{"href":"https:\/\/www.paysagesrossignol.com\/en\/wp-json\/wp\/v2\/product"}],"about":[{"href":"https:\/\/www.paysagesrossignol.com\/en\/wp-json\/wp\/v2\/types\/product"}],"wp:featuredmedia":[{"embeddable":true,"href":"https:\/\/www.paysagesrossignol.com\/en\/wp-json\/wp\/v2\/media\/14291"}],"wp:attachment":[{"href":"https:\/\/www.paysagesrossignol.com\/en\/wp-json\/wp\/v2\/media?parent=14290"}],"wp:term":[{"taxonomy":"product_cat","embeddable":true,"href":"https:\/\/www.paysagesrossignol.com\/en\/wp-json\/wp\/v2\/product_cat?post=14290"},{"taxonomy":"product_tag","embeddable":true,"href":"https:\/\/www.paysagesrossignol.com\/en\/wp-json\/wp\/v2\/product_tag?post=14290"}],"curies":[{"name":"wp","href":"https:\/\/api.w.org\/{rel}","templated":true}]}}