{"id":14311,"date":"2026-03-10T00:00:17","date_gmt":"2026-03-10T04:00:17","guid":{"rendered":"https:\/\/www.paysagesrossignol.com\/produit\/cerise-de-terre-bio\/"},"modified":"2026-03-19T15:54:40","modified_gmt":"2026-03-19T19:54:40","slug":"cerise-de-terre-bio","status":"publish","type":"product","link":"https:\/\/www.paysagesrossignol.com\/en\/produit\/cerise-de-terre-bio\/","title":{"rendered":"Cerise de Terre &#8211; Bio"},"content":{"rendered":"<h1>Voir disponibilit\u00e9 en magasin<\/h1>\n<p>Petites baies sucr\u00e9es jaune-orang\u00e9 cach\u00e9es dans leur enveloppe. Une bonne collation!<\/p>\n<p>50 semences<\/p>\n<p>Tournesol<\/p>\n<p>&nbsp;<\/p>\n","protected":false},"excerpt":{"rendered":"<p>Voir disponibilit\u00e9 en magasin Petites baies sucr\u00e9es jaune-orang\u00e9 cach\u00e9es dans leur enveloppe. Une bonne collation! 50 semences Tournesol &nbsp;<\/p>\n","protected":false},"featured_media":14312,"template":"","meta":[],"product_cat":[123],"product_tag":[],"acf":[],"_links":{"self":[{"href":"https:\/\/www.paysagesrossignol.com\/en\/wp-json\/wp\/v2\/product\/14311"}],"collection":[{"href":"https:\/\/www.paysagesrossignol.com\/en\/wp-json\/wp\/v2\/product"}],"about":[{"href":"https:\/\/www.paysagesrossignol.com\/en\/wp-json\/wp\/v2\/types\/product"}],"wp:featuredmedia":[{"embeddable":true,"href":"https:\/\/www.paysagesrossignol.com\/en\/wp-json\/wp\/v2\/media\/14312"}],"wp:attachment":[{"href":"https:\/\/www.paysagesrossignol.com\/en\/wp-json\/wp\/v2\/media?parent=14311"}],"wp:term":[{"taxonomy":"product_cat","embeddable":true,"href":"https:\/\/www.paysagesrossignol.com\/en\/wp-json\/wp\/v2\/product_cat?post=14311"},{"taxonomy":"product_tag","embeddable":true,"href":"https:\/\/www.paysagesrossignol.com\/en\/wp-json\/wp\/v2\/product_tag?post=14311"}],"curies":[{"name":"wp","href":"https:\/\/api.w.org\/{rel}","templated":true}]}}