{"id":14348,"date":"2026-03-10T00:00:37","date_gmt":"2026-03-10T04:00:37","guid":{"rendered":"https:\/\/www.paysagesrossignol.com\/produit\/coriandre-santo\/"},"modified":"2026-03-20T11:29:57","modified_gmt":"2026-03-20T15:29:57","slug":"coriandre-santo","status":"publish","type":"product","link":"https:\/\/www.paysagesrossignol.com\/en\/produit\/coriandre-santo\/","title":{"rendered":"Coriandre Santo &#8211; Bio"},"content":{"rendered":"<h1>Voir disponibilit\u00e9 en magasin<\/h1>\n<p>Utilis\u00e9e fra\u00eeche dans les plats mexicains et asiatiques. La graine et les racines sont utilis\u00e9es comme \u00e9pices.<\/p>\n<p>200 semences<\/p>\n<p>Tournesol<\/p>\n","protected":false},"excerpt":{"rendered":"<p>Voir disponibilit\u00e9 en magasin Utilis\u00e9e fra\u00eeche dans les plats mexicains et asiatiques. La graine et les racines sont utilis\u00e9es comme \u00e9pices. 200 semences Tournesol<\/p>\n","protected":false},"featured_media":14349,"template":"","meta":[],"product_cat":[123],"product_tag":[],"acf":[],"_links":{"self":[{"href":"https:\/\/www.paysagesrossignol.com\/en\/wp-json\/wp\/v2\/product\/14348"}],"collection":[{"href":"https:\/\/www.paysagesrossignol.com\/en\/wp-json\/wp\/v2\/product"}],"about":[{"href":"https:\/\/www.paysagesrossignol.com\/en\/wp-json\/wp\/v2\/types\/product"}],"wp:featuredmedia":[{"embeddable":true,"href":"https:\/\/www.paysagesrossignol.com\/en\/wp-json\/wp\/v2\/media\/14349"}],"wp:attachment":[{"href":"https:\/\/www.paysagesrossignol.com\/en\/wp-json\/wp\/v2\/media?parent=14348"}],"wp:term":[{"taxonomy":"product_cat","embeddable":true,"href":"https:\/\/www.paysagesrossignol.com\/en\/wp-json\/wp\/v2\/product_cat?post=14348"},{"taxonomy":"product_tag","embeddable":true,"href":"https:\/\/www.paysagesrossignol.com\/en\/wp-json\/wp\/v2\/product_tag?post=14348"}],"curies":[{"name":"wp","href":"https:\/\/api.w.org\/{rel}","templated":true}]}}