{"id":14350,"date":"2026-03-10T00:00:37","date_gmt":"2026-03-10T04:00:37","guid":{"rendered":"https:\/\/www.paysagesrossignol.com\/produit\/celeri-tall-utah\/"},"modified":"2026-03-19T15:49:14","modified_gmt":"2026-03-19T19:49:14","slug":"celeri-tall-utah","status":"publish","type":"product","link":"https:\/\/www.paysagesrossignol.com\/en\/produit\/celeri-tall-utah\/","title":{"rendered":"C\u00e9leri Ventura Utah &#8211; Bio"},"content":{"rendered":"<h1>Voir disponibilit\u00e9 en magasin<\/h1>\n<p>C\u00e9leri de type Tall Utah, productif, avec le croquant qu&#8217;on attend de lui! Bonne r\u00e9sistance au fusarium. Parfait pour votre jardin!<\/p>\n<p>200 semences<\/p>\n<p>Tournesol<\/p>\n<p>&nbsp;<\/p>\n<p>&nbsp;<\/p>\n","protected":false},"excerpt":{"rendered":"<p>Voir disponibilit\u00e9 en magasin C\u00e9leri de type Tall Utah, productif, avec le croquant qu&#8217;on attend de lui! Bonne r\u00e9sistance au fusarium. Parfait pour votre jardin! 200 semences Tournesol &nbsp; &nbsp;<\/p>\n","protected":false},"featured_media":14351,"template":"","meta":[],"product_cat":[123],"product_tag":[],"acf":[],"_links":{"self":[{"href":"https:\/\/www.paysagesrossignol.com\/en\/wp-json\/wp\/v2\/product\/14350"}],"collection":[{"href":"https:\/\/www.paysagesrossignol.com\/en\/wp-json\/wp\/v2\/product"}],"about":[{"href":"https:\/\/www.paysagesrossignol.com\/en\/wp-json\/wp\/v2\/types\/product"}],"wp:featuredmedia":[{"embeddable":true,"href":"https:\/\/www.paysagesrossignol.com\/en\/wp-json\/wp\/v2\/media\/14351"}],"wp:attachment":[{"href":"https:\/\/www.paysagesrossignol.com\/en\/wp-json\/wp\/v2\/media?parent=14350"}],"wp:term":[{"taxonomy":"product_cat","embeddable":true,"href":"https:\/\/www.paysagesrossignol.com\/en\/wp-json\/wp\/v2\/product_cat?post=14350"},{"taxonomy":"product_tag","embeddable":true,"href":"https:\/\/www.paysagesrossignol.com\/en\/wp-json\/wp\/v2\/product_tag?post=14350"}],"curies":[{"name":"wp","href":"https:\/\/api.w.org\/{rel}","templated":true}]}}