{"id":14354,"date":"2026-03-10T00:00:44","date_gmt":"2026-03-10T04:00:44","guid":{"rendered":"https:\/\/www.paysagesrossignol.com\/produit\/carotte-red-cored-chantenay\/"},"modified":"2026-03-20T09:46:26","modified_gmt":"2026-03-20T13:46:26","slug":"carotte-red-cored-chantenay","status":"publish","type":"product","link":"https:\/\/www.paysagesrossignol.com\/en\/produit\/carotte-red-cored-chantenay\/","title":{"rendered":"Carotte Red Cored Chantenay &#8211; Bio"},"content":{"rendered":"<h1>Voir disponibilit\u00e9 en magasin<\/h1>\n<p>Carotte orange fonc\u00e9 tr\u00e8s large. Facile \u00e0 cultiver, m\u00eame en sol argileux. Bon frais ou pour la conservation. Du PATRIMOINE fran\u00e7ais.<\/p>\n<p>500 semences<\/p>\n<p>Tournesol<\/p>\n","protected":false},"excerpt":{"rendered":"<p>Voir disponibilit\u00e9 en magasin Carotte orange fonc\u00e9 tr\u00e8s large. Facile \u00e0 cultiver, m\u00eame en sol argileux. Bon frais ou pour la conservation. Du PATRIMOINE fran\u00e7ais. 500 semences Tournesol<\/p>\n","protected":false},"featured_media":14355,"template":"","meta":[],"product_cat":[123],"product_tag":[],"acf":[],"_links":{"self":[{"href":"https:\/\/www.paysagesrossignol.com\/en\/wp-json\/wp\/v2\/product\/14354"}],"collection":[{"href":"https:\/\/www.paysagesrossignol.com\/en\/wp-json\/wp\/v2\/product"}],"about":[{"href":"https:\/\/www.paysagesrossignol.com\/en\/wp-json\/wp\/v2\/types\/product"}],"wp:featuredmedia":[{"embeddable":true,"href":"https:\/\/www.paysagesrossignol.com\/en\/wp-json\/wp\/v2\/media\/14355"}],"wp:attachment":[{"href":"https:\/\/www.paysagesrossignol.com\/en\/wp-json\/wp\/v2\/media?parent=14354"}],"wp:term":[{"taxonomy":"product_cat","embeddable":true,"href":"https:\/\/www.paysagesrossignol.com\/en\/wp-json\/wp\/v2\/product_cat?post=14354"},{"taxonomy":"product_tag","embeddable":true,"href":"https:\/\/www.paysagesrossignol.com\/en\/wp-json\/wp\/v2\/product_tag?post=14354"}],"curies":[{"name":"wp","href":"https:\/\/api.w.org\/{rel}","templated":true}]}}