{"id":14360,"date":"2026-03-10T00:00:44","date_gmt":"2026-03-10T04:00:44","guid":{"rendered":"https:\/\/www.paysagesrossignol.com\/produit\/persil-italien-3\/"},"modified":"2026-03-19T15:07:38","modified_gmt":"2026-03-19T19:07:38","slug":"persil-italien-3","status":"publish","type":"product","link":"https:\/\/www.paysagesrossignol.com\/en\/produit\/persil-italien-3\/","title":{"rendered":"Persil Italien &#8211; Bio"},"content":{"rendered":"<h1>Voir disponibilit\u00e9 en magasin<\/h1>\n<p>Persil italien vert fonc\u00e9 aux feuilles plates. Tr\u00e8s appr\u00e9ci\u00e9 pour son go\u00fbt prononc\u00e9.<\/p>\n<p>400 semences<\/p>\n<p>Tournesol<\/p>\n","protected":false},"excerpt":{"rendered":"<p>Voir disponibilit\u00e9 en magasin Persil italien vert fonc\u00e9 aux feuilles plates. Tr\u00e8s appr\u00e9ci\u00e9 pour son go\u00fbt prononc\u00e9. 400 semences Tournesol<\/p>\n","protected":false},"featured_media":14361,"template":"","meta":[],"product_cat":[123],"product_tag":[],"acf":[],"_links":{"self":[{"href":"https:\/\/www.paysagesrossignol.com\/en\/wp-json\/wp\/v2\/product\/14360"}],"collection":[{"href":"https:\/\/www.paysagesrossignol.com\/en\/wp-json\/wp\/v2\/product"}],"about":[{"href":"https:\/\/www.paysagesrossignol.com\/en\/wp-json\/wp\/v2\/types\/product"}],"wp:featuredmedia":[{"embeddable":true,"href":"https:\/\/www.paysagesrossignol.com\/en\/wp-json\/wp\/v2\/media\/14361"}],"wp:attachment":[{"href":"https:\/\/www.paysagesrossignol.com\/en\/wp-json\/wp\/v2\/media?parent=14360"}],"wp:term":[{"taxonomy":"product_cat","embeddable":true,"href":"https:\/\/www.paysagesrossignol.com\/en\/wp-json\/wp\/v2\/product_cat?post=14360"},{"taxonomy":"product_tag","embeddable":true,"href":"https:\/\/www.paysagesrossignol.com\/en\/wp-json\/wp\/v2\/product_tag?post=14360"}],"curies":[{"name":"wp","href":"https:\/\/api.w.org\/{rel}","templated":true}]}}