{"id":14432,"date":"2026-03-10T00:00:09","date_gmt":"2026-03-10T04:00:09","guid":{"rendered":"https:\/\/www.paysagesrossignol.com\/produit\/carotte-danvers-half-long\/"},"modified":"2026-03-12T12:11:57","modified_gmt":"2026-03-12T16:11:57","slug":"carotte-danvers-half-long","status":"publish","type":"product","link":"https:\/\/www.paysagesrossignol.com\/en\/produit\/carotte-danvers-half-long\/","title":{"rendered":"Carotte Danvers Half-Long"},"content":{"rendered":"<h1>Voir disponibilit\u00e9 en magasin<\/h1>\n<p>Les racines quasi-parfaitement cylindriques mesurent de 15 \u00e0 18 cm (6 \u00e0 7&#8243;) de long. Oranges rouges \u00e0 la peau tendre, elles sont sucr\u00e9es parfaitement pour les salades, soupes, bouillies ou comme garniture. Un sol riche et meuble est id\u00e9al. Une humidit\u00e9 de sol constante est essentielle.<\/p>\n<p>65-80 jours \u00e0 la r\u00e9colte<\/p>\n<p>McKenzie<\/p>\n","protected":false},"excerpt":{"rendered":"<p>Voir disponibilit\u00e9 en magasin Les racines quasi-parfaitement cylindriques mesurent de 15 \u00e0 18 cm (6 \u00e0 7&#8243;) de long. Oranges rouges \u00e0 la peau tendre, elles sont sucr\u00e9es parfaitement pour les salades, soupes, bouillies ou comme garniture. Un sol riche et meuble est id\u00e9al. Une humidit\u00e9 de sol constante est essentielle. 65-80 jours \u00e0 la [&hellip;]<\/p>\n","protected":false},"featured_media":23232,"template":"","meta":[],"product_cat":[125],"product_tag":[],"acf":[],"_links":{"self":[{"href":"https:\/\/www.paysagesrossignol.com\/en\/wp-json\/wp\/v2\/product\/14432"}],"collection":[{"href":"https:\/\/www.paysagesrossignol.com\/en\/wp-json\/wp\/v2\/product"}],"about":[{"href":"https:\/\/www.paysagesrossignol.com\/en\/wp-json\/wp\/v2\/types\/product"}],"wp:featuredmedia":[{"embeddable":true,"href":"https:\/\/www.paysagesrossignol.com\/en\/wp-json\/wp\/v2\/media\/23232"}],"wp:attachment":[{"href":"https:\/\/www.paysagesrossignol.com\/en\/wp-json\/wp\/v2\/media?parent=14432"}],"wp:term":[{"taxonomy":"product_cat","embeddable":true,"href":"https:\/\/www.paysagesrossignol.com\/en\/wp-json\/wp\/v2\/product_cat?post=14432"},{"taxonomy":"product_tag","embeddable":true,"href":"https:\/\/www.paysagesrossignol.com\/en\/wp-json\/wp\/v2\/product_tag?post=14432"}],"curies":[{"name":"wp","href":"https:\/\/api.w.org\/{rel}","templated":true}]}}