{"id":14446,"date":"2026-03-10T00:00:24","date_gmt":"2026-03-10T04:00:24","guid":{"rendered":"https:\/\/www.paysagesrossignol.com\/produit\/melange-de-fleurs-sauvages-abeilles\/"},"modified":"2026-03-12T14:10:19","modified_gmt":"2026-03-12T18:10:19","slug":"melange-de-fleurs-sauvages-abeilles","status":"publish","type":"product","link":"https:\/\/www.paysagesrossignol.com\/en\/produit\/melange-de-fleurs-sauvages-abeilles\/","title":{"rendered":"Fleurs Sauvages pour attirer les Abeilles"},"content":{"rendered":"<h1>Voir disponibilit\u00e9 en magasin<\/h1>\n<p>Un m\u00e9lange de fleurs annuelles et vivaces qui foumissent du nectar et du pollen aux abeilles. Ces fleurs se sont montr\u00e9es attrayantes pour les abeilles. Le r\u00e9sultat final peut di\u00e9rer de l&#8217;illustration sur le sachet.<\/p>\n<p>Contents\/Contient: Agastache Rugosa, Anchusa Capensis, Aster Novae-Angliae, Callistephus Chinensis, Cheiranthus Allionii, Coreopsis Lanceolata, Cosmos Sulphureus, Cynoglossum Amabile, Dalea Purpurea, Echinacea Purpurea, Eschscholzia Californica, Gaillardia Aristata, Ocimum Basilicum, Papaver Rhoeas, Phacelia Tanacetifolia, Potentilla Thurberi , Pycnanthemum Tenuifolium, Ratibida Columnifera, Reseda Odorata<\/p>\n<p>42-56 jours \u00e0 la floraison<\/p>\n<p>McKenzie<\/p>\n","protected":false},"excerpt":{"rendered":"<p>Voir disponibilit\u00e9 en magasin Un m\u00e9lange de fleurs annuelles et vivaces qui foumissent du nectar et du pollen aux abeilles. Ces fleurs se sont montr\u00e9es attrayantes pour les abeilles. Le r\u00e9sultat final peut di\u00e9rer de l&#8217;illustration sur le sachet. Contents\/Contient: Agastache Rugosa, Anchusa Capensis, Aster Novae-Angliae, Callistephus Chinensis, Cheiranthus Allionii, Coreopsis Lanceolata, Cosmos Sulphureus, Cynoglossum [&hellip;]<\/p>\n","protected":false},"featured_media":23770,"template":"","meta":[],"product_cat":[124],"product_tag":[],"acf":[],"_links":{"self":[{"href":"https:\/\/www.paysagesrossignol.com\/en\/wp-json\/wp\/v2\/product\/14446"}],"collection":[{"href":"https:\/\/www.paysagesrossignol.com\/en\/wp-json\/wp\/v2\/product"}],"about":[{"href":"https:\/\/www.paysagesrossignol.com\/en\/wp-json\/wp\/v2\/types\/product"}],"wp:featuredmedia":[{"embeddable":true,"href":"https:\/\/www.paysagesrossignol.com\/en\/wp-json\/wp\/v2\/media\/23770"}],"wp:attachment":[{"href":"https:\/\/www.paysagesrossignol.com\/en\/wp-json\/wp\/v2\/media?parent=14446"}],"wp:term":[{"taxonomy":"product_cat","embeddable":true,"href":"https:\/\/www.paysagesrossignol.com\/en\/wp-json\/wp\/v2\/product_cat?post=14446"},{"taxonomy":"product_tag","embeddable":true,"href":"https:\/\/www.paysagesrossignol.com\/en\/wp-json\/wp\/v2\/product_tag?post=14446"}],"curies":[{"name":"wp","href":"https:\/\/api.w.org\/{rel}","templated":true}]}}