{"id":14458,"date":"2026-03-10T00:00:31","date_gmt":"2026-03-10T04:00:31","guid":{"rendered":"https:\/\/www.paysagesrossignol.com\/produit\/reine-marguerite-early-charm\/"},"modified":"2026-03-12T15:03:59","modified_gmt":"2026-03-12T19:03:59","slug":"reine-marguerite-early-charm","status":"publish","type":"product","link":"https:\/\/www.paysagesrossignol.com\/en\/produit\/reine-marguerite-early-charm\/","title":{"rendered":"Reine Marguerite Early Charm"},"content":{"rendered":"<h1>Voir disponibilit\u00e9 en magasin<\/h1>\n<p>Les grosses fleurs roses, blanches, rouges ou violettes et compl\u00e8tement doubles ajouteront un charme durable \u00e0 votre plate-bande. Elles cr\u00e9ent un spectacle tr\u00e8s attrayant pour la rocaille. Faciles \u00e0 cultiver dans tout sol bien drain\u00e9. Ce m\u00e9lange haut en couleurs est parfait pour la fleur coup\u00e9e. Supprimer les fleurs fan\u00e9es pour prolonger la saison de floraison. Annuelle. Callistephus Chinensis<\/p>\n<p>60-90 jours \u00e0 la floraison<\/p>\n<p>McKenzie<\/p>\n<p>&nbsp;<\/p>\n","protected":false},"excerpt":{"rendered":"<p>Voir disponibilit\u00e9 en magasin Les grosses fleurs roses, blanches, rouges ou violettes et compl\u00e8tement doubles ajouteront un charme durable \u00e0 votre plate-bande. Elles cr\u00e9ent un spectacle tr\u00e8s attrayant pour la rocaille. Faciles \u00e0 cultiver dans tout sol bien drain\u00e9. Ce m\u00e9lange haut en couleurs est parfait pour la fleur coup\u00e9e. Supprimer les fleurs fan\u00e9es pour [&hellip;]<\/p>\n","protected":false},"featured_media":23740,"template":"","meta":[],"product_cat":[124],"product_tag":[],"acf":[],"_links":{"self":[{"href":"https:\/\/www.paysagesrossignol.com\/en\/wp-json\/wp\/v2\/product\/14458"}],"collection":[{"href":"https:\/\/www.paysagesrossignol.com\/en\/wp-json\/wp\/v2\/product"}],"about":[{"href":"https:\/\/www.paysagesrossignol.com\/en\/wp-json\/wp\/v2\/types\/product"}],"wp:featuredmedia":[{"embeddable":true,"href":"https:\/\/www.paysagesrossignol.com\/en\/wp-json\/wp\/v2\/media\/23740"}],"wp:attachment":[{"href":"https:\/\/www.paysagesrossignol.com\/en\/wp-json\/wp\/v2\/media?parent=14458"}],"wp:term":[{"taxonomy":"product_cat","embeddable":true,"href":"https:\/\/www.paysagesrossignol.com\/en\/wp-json\/wp\/v2\/product_cat?post=14458"},{"taxonomy":"product_tag","embeddable":true,"href":"https:\/\/www.paysagesrossignol.com\/en\/wp-json\/wp\/v2\/product_tag?post=14458"}],"curies":[{"name":"wp","href":"https:\/\/api.w.org\/{rel}","templated":true}]}}