{"id":14462,"date":"2026-03-10T00:00:31","date_gmt":"2026-03-10T04:00:31","guid":{"rendered":"https:\/\/www.paysagesrossignol.com\/produit\/haricot-contender-nain-mckenzie\/"},"modified":"2026-03-12T13:21:06","modified_gmt":"2026-03-12T17:21:06","slug":"haricot-contender-nain-mckenzie","status":"publish","type":"product","link":"https:\/\/www.paysagesrossignol.com\/en\/produit\/haricot-contender-nain-mckenzie\/","title":{"rendered":"Haricot Contender (Nain)"},"content":{"rendered":"<h1>Voir disponibilit\u00e9 en magasin<\/h1>\n<p>Le Contender est d\u00e9finitivement un gagnant. Une vari\u00e9t\u00e9 de courte saison id\u00e9ale pour les climats plus froids. Ce type bien fourni donne une abondante quantit\u00e9 de cosses sans fil. Ramassez les cosses lorsqu&#8217;elles mesurent 12.5- 15 cm (5-6&#8243;) pour un meilleur go\u00fbt. \u00c9vitez de travailler parmi les plantes lorsqu&#8217;elles sont humides ou mouill\u00e9es pour r\u00e9duire les risques de maladie.<\/p>\n<p>55 jours \u00e0 la r\u00e9colte<\/p>\n<p>McKenzie<\/p>\n<p>&nbsp;<\/p>\n","protected":false},"excerpt":{"rendered":"<p>Voir disponibilit\u00e9 en magasin Le Contender est d\u00e9finitivement un gagnant. Une vari\u00e9t\u00e9 de courte saison id\u00e9ale pour les climats plus froids. Ce type bien fourni donne une abondante quantit\u00e9 de cosses sans fil. Ramassez les cosses lorsqu&#8217;elles mesurent 12.5- 15 cm (5-6&#8243;) pour un meilleur go\u00fbt. \u00c9vitez de travailler parmi les plantes lorsqu&#8217;elles sont humides [&hellip;]<\/p>\n","protected":false},"featured_media":23175,"template":"","meta":[],"product_cat":[125],"product_tag":[],"acf":[],"_links":{"self":[{"href":"https:\/\/www.paysagesrossignol.com\/en\/wp-json\/wp\/v2\/product\/14462"}],"collection":[{"href":"https:\/\/www.paysagesrossignol.com\/en\/wp-json\/wp\/v2\/product"}],"about":[{"href":"https:\/\/www.paysagesrossignol.com\/en\/wp-json\/wp\/v2\/types\/product"}],"wp:featuredmedia":[{"embeddable":true,"href":"https:\/\/www.paysagesrossignol.com\/en\/wp-json\/wp\/v2\/media\/23175"}],"wp:attachment":[{"href":"https:\/\/www.paysagesrossignol.com\/en\/wp-json\/wp\/v2\/media?parent=14462"}],"wp:term":[{"taxonomy":"product_cat","embeddable":true,"href":"https:\/\/www.paysagesrossignol.com\/en\/wp-json\/wp\/v2\/product_cat?post=14462"},{"taxonomy":"product_tag","embeddable":true,"href":"https:\/\/www.paysagesrossignol.com\/en\/wp-json\/wp\/v2\/product_tag?post=14462"}],"curies":[{"name":"wp","href":"https:\/\/api.w.org\/{rel}","templated":true}]}}