{"id":14474,"date":"2026-03-10T00:00:46","date_gmt":"2026-03-10T04:00:46","guid":{"rendered":"https:\/\/www.paysagesrossignol.com\/produit\/feve-broad-windsor\/"},"modified":"2026-03-12T13:21:48","modified_gmt":"2026-03-12T17:21:48","slug":"feve-broad-windsor","status":"publish","type":"product","link":"https:\/\/www.paysagesrossignol.com\/en\/produit\/feve-broad-windsor\/","title":{"rendered":"F\u00e8ve Broad Windsor"},"content":{"rendered":"<h1>Voir disponibilit\u00e9 en magasin<\/h1>\n<p>Vari\u00e9t\u00e9 tr\u00e8s productive. Les cosses longues de 15 \u00e0 20 cm (6-8&#8243;) contiennent de 4 \u00e0 6 gros haricot plats. Elles sont d\u00e9licieuses lorsque cuite, tranch\u00e9es ou utilis\u00e9es en soupe ou casserole. Tol\u00e8re les gels l\u00e9gers. Cueillir lorsque les cosses sont dodues et faire cuire comme des pois ou des haricots de Lima. Les fleurs sont parfum\u00e9es.<\/p>\n<p>60-70 jours \u00e0 la r\u00e9colte<\/p>\n<p>McKenzie<\/p>\n","protected":false},"excerpt":{"rendered":"<p>Voir disponibilit\u00e9 en magasin Vari\u00e9t\u00e9 tr\u00e8s productive. Les cosses longues de 15 \u00e0 20 cm (6-8&#8243;) contiennent de 4 \u00e0 6 gros haricot plats. Elles sont d\u00e9licieuses lorsque cuite, tranch\u00e9es ou utilis\u00e9es en soupe ou casserole. Tol\u00e8re les gels l\u00e9gers. Cueillir lorsque les cosses sont dodues et faire cuire comme des pois ou des haricots [&hellip;]<\/p>\n","protected":false},"featured_media":28051,"template":"","meta":[],"product_cat":[125],"product_tag":[],"acf":[],"_links":{"self":[{"href":"https:\/\/www.paysagesrossignol.com\/en\/wp-json\/wp\/v2\/product\/14474"}],"collection":[{"href":"https:\/\/www.paysagesrossignol.com\/en\/wp-json\/wp\/v2\/product"}],"about":[{"href":"https:\/\/www.paysagesrossignol.com\/en\/wp-json\/wp\/v2\/types\/product"}],"wp:featuredmedia":[{"embeddable":true,"href":"https:\/\/www.paysagesrossignol.com\/en\/wp-json\/wp\/v2\/media\/28051"}],"wp:attachment":[{"href":"https:\/\/www.paysagesrossignol.com\/en\/wp-json\/wp\/v2\/media?parent=14474"}],"wp:term":[{"taxonomy":"product_cat","embeddable":true,"href":"https:\/\/www.paysagesrossignol.com\/en\/wp-json\/wp\/v2\/product_cat?post=14474"},{"taxonomy":"product_tag","embeddable":true,"href":"https:\/\/www.paysagesrossignol.com\/en\/wp-json\/wp\/v2\/product_tag?post=14474"}],"curies":[{"name":"wp","href":"https:\/\/api.w.org\/{rel}","templated":true}]}}