{"id":14536,"date":"2026-03-10T00:00:40","date_gmt":"2026-03-10T04:00:40","guid":{"rendered":"https:\/\/www.paysagesrossignol.com\/produit\/tomate-bonny-best\/"},"modified":"2026-03-13T08:16:03","modified_gmt":"2026-03-13T12:16:03","slug":"tomate-bonny-best","status":"publish","type":"product","link":"https:\/\/www.paysagesrossignol.com\/en\/produit\/tomate-bonny-best\/","title":{"rendered":"Tomate Bonny Best"},"content":{"rendered":"<h1>Voir disponibilit\u00e9 en magasin<\/h1>\n<p>De beaux fruits rouges en forme de sph\u00e8res p\u00e8sent en moyenne 140g (5oz) chaque. Un excellent choix \u00e0 trancher ou pour les conserves, avec sa chair ferme et le peu de graines. Tr\u00e8s recherch\u00e9 pour ses rendements \u00e9lev\u00e9s de r\u00e9coltes h\u00e2tifs ainsi que son go\u00fbt superbe, cette vari\u00e9t\u00e9 patrimoine n&#8217;est d\u00e9finitivement pas du pass\u00e9! Ind\u00e9termin\u00e9e &#8211; Exige un tuteur.<\/p>\n<p>55 jours \u00e0 la r\u00e9colte<\/p>\n<p>McKenzie<\/p>\n","protected":false},"excerpt":{"rendered":"<p>Voir disponibilit\u00e9 en magasin De beaux fruits rouges en forme de sph\u00e8res p\u00e8sent en moyenne 140g (5oz) chaque. Un excellent choix \u00e0 trancher ou pour les conserves, avec sa chair ferme et le peu de graines. Tr\u00e8s recherch\u00e9 pour ses rendements \u00e9lev\u00e9s de r\u00e9coltes h\u00e2tifs ainsi que son go\u00fbt superbe, cette vari\u00e9t\u00e9 patrimoine n&#8217;est d\u00e9finitivement [&hellip;]<\/p>\n","protected":false},"featured_media":25566,"template":"","meta":[],"product_cat":[125],"product_tag":[],"acf":[],"_links":{"self":[{"href":"https:\/\/www.paysagesrossignol.com\/en\/wp-json\/wp\/v2\/product\/14536"}],"collection":[{"href":"https:\/\/www.paysagesrossignol.com\/en\/wp-json\/wp\/v2\/product"}],"about":[{"href":"https:\/\/www.paysagesrossignol.com\/en\/wp-json\/wp\/v2\/types\/product"}],"wp:featuredmedia":[{"embeddable":true,"href":"https:\/\/www.paysagesrossignol.com\/en\/wp-json\/wp\/v2\/media\/25566"}],"wp:attachment":[{"href":"https:\/\/www.paysagesrossignol.com\/en\/wp-json\/wp\/v2\/media?parent=14536"}],"wp:term":[{"taxonomy":"product_cat","embeddable":true,"href":"https:\/\/www.paysagesrossignol.com\/en\/wp-json\/wp\/v2\/product_cat?post=14536"},{"taxonomy":"product_tag","embeddable":true,"href":"https:\/\/www.paysagesrossignol.com\/en\/wp-json\/wp\/v2\/product_tag?post=14536"}],"curies":[{"name":"wp","href":"https:\/\/api.w.org\/{rel}","templated":true}]}}