{"id":14546,"date":"2026-03-10T00:00:48","date_gmt":"2026-03-10T04:00:48","guid":{"rendered":"https:\/\/www.paysagesrossignol.com\/produit\/tomate-arc-en-ciel-en-melange\/"},"modified":"2026-03-13T09:04:39","modified_gmt":"2026-03-13T13:04:39","slug":"tomate-arc-en-ciel-en-melange","status":"publish","type":"product","link":"https:\/\/www.paysagesrossignol.com\/en\/produit\/tomate-arc-en-ciel-en-melange\/","title":{"rendered":"Tomate Arc-en-Ciel en m\u00e9lange"},"content":{"rendered":"<h1>Voir disponibilit\u00e9 en magasin<\/h1>\n<p>Un m\u00e9lange sensationnel de tomates patrimoines assorties. Produit des Brandywine tomates noires, rouges et jaunes bien connues pour leur taille et leur riche saveur sucr\u00e9e. Bien connu pour sa grosseur et sont go\u00fbt sucr\u00e9. Ind\u00e9termin\u00e9e &#8211; exige un tuteur.<\/p>\n<p>70-75 jours \u00e0 la r\u00e9colte<\/p>\n<p>McKenzie<\/p>\n","protected":false},"excerpt":{"rendered":"<p>Voir disponibilit\u00e9 en magasin Un m\u00e9lange sensationnel de tomates patrimoines assorties. Produit des Brandywine tomates noires, rouges et jaunes bien connues pour leur taille et leur riche saveur sucr\u00e9e. Bien connu pour sa grosseur et sont go\u00fbt sucr\u00e9. Ind\u00e9termin\u00e9e &#8211; exige un tuteur. 70-75 jours \u00e0 la r\u00e9colte McKenzie<\/p>\n","protected":false},"featured_media":23666,"template":"","meta":[],"product_cat":[125],"product_tag":[],"acf":[],"_links":{"self":[{"href":"https:\/\/www.paysagesrossignol.com\/en\/wp-json\/wp\/v2\/product\/14546"}],"collection":[{"href":"https:\/\/www.paysagesrossignol.com\/en\/wp-json\/wp\/v2\/product"}],"about":[{"href":"https:\/\/www.paysagesrossignol.com\/en\/wp-json\/wp\/v2\/types\/product"}],"wp:featuredmedia":[{"embeddable":true,"href":"https:\/\/www.paysagesrossignol.com\/en\/wp-json\/wp\/v2\/media\/23666"}],"wp:attachment":[{"href":"https:\/\/www.paysagesrossignol.com\/en\/wp-json\/wp\/v2\/media?parent=14546"}],"wp:term":[{"taxonomy":"product_cat","embeddable":true,"href":"https:\/\/www.paysagesrossignol.com\/en\/wp-json\/wp\/v2\/product_cat?post=14546"},{"taxonomy":"product_tag","embeddable":true,"href":"https:\/\/www.paysagesrossignol.com\/en\/wp-json\/wp\/v2\/product_tag?post=14546"}],"curies":[{"name":"wp","href":"https:\/\/api.w.org\/{rel}","templated":true}]}}