{"id":14558,"date":"2026-03-10T00:00:56","date_gmt":"2026-03-10T04:00:56","guid":{"rendered":"https:\/\/www.paysagesrossignol.com\/produit\/herbe-a-chat-nepeta-cataria\/"},"modified":"2026-03-12T14:19:55","modified_gmt":"2026-03-12T18:19:55","slug":"herbe-a-chat-nepeta-cataria","status":"publish","type":"product","link":"https:\/\/www.paysagesrossignol.com\/en\/produit\/herbe-a-chat-nepeta-cataria\/","title":{"rendered":"Herbe \u00e0 Chat"},"content":{"rendered":"<h1>Voir disponibilit\u00e9 en magasin<\/h1>\n<p>Les chats adorent son ar\u00f4me semblable \u00e0 la menthe. Ses feuilles s\u00e9ch\u00e9es peuvent \u00eatre enfouies dans les jouets pour les chats ou \u00eatre \u00e9parpill\u00e9es en petites quantit\u00e9s sur leur nourriture. Un sol bien drain\u00e9. R\u00e9coltez les fleurs avant la formation des graines, les faisant s\u00e9cher dans un endroit sombre et bien a\u00e9r\u00e9. Peut \u00eatre plant\u00e9 \u00e0 l&#8217;int\u00e9rieur. Hauteur de la plante: 60-90 cm (24-36&#8243;). Vivace. Zones 3-9. Nepeta Cataria.<\/p>\n<p>75 jours \u00e0 la r\u00e9colte<\/p>\n<p>McKenzie<\/p>\n","protected":false},"excerpt":{"rendered":"<p>Voir disponibilit\u00e9 en magasin Les chats adorent son ar\u00f4me semblable \u00e0 la menthe. Ses feuilles s\u00e9ch\u00e9es peuvent \u00eatre enfouies dans les jouets pour les chats ou \u00eatre \u00e9parpill\u00e9es en petites quantit\u00e9s sur leur nourriture. Un sol bien drain\u00e9. R\u00e9coltez les fleurs avant la formation des graines, les faisant s\u00e9cher dans un endroit sombre et bien [&hellip;]<\/p>\n","protected":false},"featured_media":23145,"template":"","meta":[],"product_cat":[125],"product_tag":[],"acf":[],"_links":{"self":[{"href":"https:\/\/www.paysagesrossignol.com\/en\/wp-json\/wp\/v2\/product\/14558"}],"collection":[{"href":"https:\/\/www.paysagesrossignol.com\/en\/wp-json\/wp\/v2\/product"}],"about":[{"href":"https:\/\/www.paysagesrossignol.com\/en\/wp-json\/wp\/v2\/types\/product"}],"wp:featuredmedia":[{"embeddable":true,"href":"https:\/\/www.paysagesrossignol.com\/en\/wp-json\/wp\/v2\/media\/23145"}],"wp:attachment":[{"href":"https:\/\/www.paysagesrossignol.com\/en\/wp-json\/wp\/v2\/media?parent=14558"}],"wp:term":[{"taxonomy":"product_cat","embeddable":true,"href":"https:\/\/www.paysagesrossignol.com\/en\/wp-json\/wp\/v2\/product_cat?post=14558"},{"taxonomy":"product_tag","embeddable":true,"href":"https:\/\/www.paysagesrossignol.com\/en\/wp-json\/wp\/v2\/product_tag?post=14558"}],"curies":[{"name":"wp","href":"https:\/\/api.w.org\/{rel}","templated":true}]}}