{"id":14562,"date":"2026-03-10T00:00:56","date_gmt":"2026-03-10T04:00:56","guid":{"rendered":"https:\/\/www.paysagesrossignol.com\/produit\/basilic-a-feuille-de-laitue\/"},"modified":"2026-03-12T14:33:08","modified_gmt":"2026-03-12T18:33:08","slug":"basilic-a-feuille-de-laitue","status":"publish","type":"product","link":"https:\/\/www.paysagesrossignol.com\/en\/produit\/basilic-a-feuille-de-laitue\/","title":{"rendered":"Basilic \u00e0 Feuille de Laitue"},"content":{"rendered":"<h1>Voir disponibilit\u00e9 en magasin<\/h1>\n<p>Un des basilics doux les plus populaires et les plus productifs. Les grandes feuilles vert clair et pliss\u00e9es laissent d\u00e9gager un ar\u00f4me d\u00e9licieux. Id\u00e9al pour salades, pestos, pizzas et sandwiches. Enveloppez une feuille autour d&#8217;une tranche de tomate et une de mozzarella pour une collation saine et go\u00fbteuse. Lente \u00e0 monter en graine. Congelez les feuilles pour une utilisation toute l&#8217;ann\u00e9e. Hauteur de la plante: 30-60 cm (12-24&#8243;). Annuelle.<\/p>\n<p>75 jours \u00e0 la r\u00e9colte<\/p>\n<p>McKenzie<\/p>\n","protected":false},"excerpt":{"rendered":"<p>Voir disponibilit\u00e9 en magasin Un des basilics doux les plus populaires et les plus productifs. Les grandes feuilles vert clair et pliss\u00e9es laissent d\u00e9gager un ar\u00f4me d\u00e9licieux. Id\u00e9al pour salades, pestos, pizzas et sandwiches. Enveloppez une feuille autour d&#8217;une tranche de tomate et une de mozzarella pour une collation saine et go\u00fbteuse. Lente \u00e0 monter [&hellip;]<\/p>\n","protected":false},"featured_media":23131,"template":"","meta":[],"product_cat":[125],"product_tag":[],"acf":[],"_links":{"self":[{"href":"https:\/\/www.paysagesrossignol.com\/en\/wp-json\/wp\/v2\/product\/14562"}],"collection":[{"href":"https:\/\/www.paysagesrossignol.com\/en\/wp-json\/wp\/v2\/product"}],"about":[{"href":"https:\/\/www.paysagesrossignol.com\/en\/wp-json\/wp\/v2\/types\/product"}],"wp:featuredmedia":[{"embeddable":true,"href":"https:\/\/www.paysagesrossignol.com\/en\/wp-json\/wp\/v2\/media\/23131"}],"wp:attachment":[{"href":"https:\/\/www.paysagesrossignol.com\/en\/wp-json\/wp\/v2\/media?parent=14562"}],"wp:term":[{"taxonomy":"product_cat","embeddable":true,"href":"https:\/\/www.paysagesrossignol.com\/en\/wp-json\/wp\/v2\/product_cat?post=14562"},{"taxonomy":"product_tag","embeddable":true,"href":"https:\/\/www.paysagesrossignol.com\/en\/wp-json\/wp\/v2\/product_tag?post=14562"}],"curies":[{"name":"wp","href":"https:\/\/api.w.org\/{rel}","templated":true}]}}