{"id":14568,"date":"2026-03-10T00:00:03","date_gmt":"2026-03-10T04:00:03","guid":{"rendered":"https:\/\/www.paysagesrossignol.com\/produit\/cilantro-la-reina-baja-coriandre\/"},"modified":"2026-03-12T16:13:53","modified_gmt":"2026-03-12T20:13:53","slug":"cilantro-la-reina-baja-coriandre","status":"publish","type":"product","link":"https:\/\/www.paysagesrossignol.com\/en\/produit\/cilantro-la-reina-baja-coriandre\/","title":{"rendered":"Cilantro La Reina Baja"},"content":{"rendered":"<h1>Voir disponibilit\u00e9 en magasin<\/h1>\n<p>Le cilantro (coriandre) est une herbe sucr\u00e9e et \u00e9pic\u00e9e utilis\u00e9e dans de nombreux plats latino-am\u00e9ricains, mexicains et chinois. Ce membre de la famille de l&#8217;aneth produit des feuilles et des graines tr\u00e8s piquantes. Sert d&#8217;assaisonnement pour les marinades, les viandes, les pains et les p\u00e2tisseries. Excellent pour les semis printaniers et automnaux. Ressemer chaque 3-4 semaines pour une production continuelle. Excellent pour la culture en contenant! Hauteur de la plante: 60 cm (24&#8243;). Annuelle.<\/p>\n<p>55-70 jours \u00e0 la r\u00e9colte<\/p>\n<p>McKenzie<\/p>\n","protected":false},"excerpt":{"rendered":"<p>Voir disponibilit\u00e9 en magasin Le cilantro (coriandre) est une herbe sucr\u00e9e et \u00e9pic\u00e9e utilis\u00e9e dans de nombreux plats latino-am\u00e9ricains, mexicains et chinois. Ce membre de la famille de l&#8217;aneth produit des feuilles et des graines tr\u00e8s piquantes. Sert d&#8217;assaisonnement pour les marinades, les viandes, les pains et les p\u00e2tisseries. Excellent pour les semis printaniers et [&hellip;]<\/p>\n","protected":false},"featured_media":29453,"template":"","meta":[],"product_cat":[125],"product_tag":[],"acf":[],"_links":{"self":[{"href":"https:\/\/www.paysagesrossignol.com\/en\/wp-json\/wp\/v2\/product\/14568"}],"collection":[{"href":"https:\/\/www.paysagesrossignol.com\/en\/wp-json\/wp\/v2\/product"}],"about":[{"href":"https:\/\/www.paysagesrossignol.com\/en\/wp-json\/wp\/v2\/types\/product"}],"wp:featuredmedia":[{"embeddable":true,"href":"https:\/\/www.paysagesrossignol.com\/en\/wp-json\/wp\/v2\/media\/29453"}],"wp:attachment":[{"href":"https:\/\/www.paysagesrossignol.com\/en\/wp-json\/wp\/v2\/media?parent=14568"}],"wp:term":[{"taxonomy":"product_cat","embeddable":true,"href":"https:\/\/www.paysagesrossignol.com\/en\/wp-json\/wp\/v2\/product_cat?post=14568"},{"taxonomy":"product_tag","embeddable":true,"href":"https:\/\/www.paysagesrossignol.com\/en\/wp-json\/wp\/v2\/product_tag?post=14568"}],"curies":[{"name":"wp","href":"https:\/\/api.w.org\/{rel}","templated":true}]}}