{"id":14570,"date":"2026-03-10T00:00:03","date_gmt":"2026-03-10T04:00:03","guid":{"rendered":"https:\/\/www.paysagesrossignol.com\/produit\/aneth-a-feuilles-de-fougere\/"},"modified":"2026-03-12T14:06:19","modified_gmt":"2026-03-12T18:06:19","slug":"aneth-a-feuilles-de-fougere","status":"publish","type":"product","link":"https:\/\/www.paysagesrossignol.com\/en\/produit\/aneth-a-feuilles-de-fougere\/","title":{"rendered":"Aneth \u00e0 Feuilles de Foug\u00e8re"},"content":{"rendered":"<h1>Voir disponibilit\u00e9 en magasin<\/h1>\n<p>Plante arbustive compacte, aux feuilles vert profond finement cisel\u00e9es. \u00c0 cueillir pour faire s\u00e9cher ou \u00e0 manger frais. Parfume fort pour les sauces et les fromages \u00e0 la cr\u00e8me. L&#8217;aneth est long \u00e0 partir, mais une fois qu&#8217;il s&#8217;y met ses graines servent fort bien dans les marinades. Une plante essentielle \u00e0 tout jardin. Annuelle.<\/p>\n<p>70 jours \u00e0 la r\u00e9colte<\/p>\n<p>McKenzie<\/p>\n","protected":false},"excerpt":{"rendered":"<p>Voir disponibilit\u00e9 en magasin Plante arbustive compacte, aux feuilles vert profond finement cisel\u00e9es. \u00c0 cueillir pour faire s\u00e9cher ou \u00e0 manger frais. Parfume fort pour les sauces et les fromages \u00e0 la cr\u00e8me. L&#8217;aneth est long \u00e0 partir, mais une fois qu&#8217;il s&#8217;y met ses graines servent fort bien dans les marinades. Une plante essentielle [&hellip;]<\/p>\n","protected":false},"featured_media":23101,"template":"","meta":[],"product_cat":[125],"product_tag":[],"acf":[],"_links":{"self":[{"href":"https:\/\/www.paysagesrossignol.com\/en\/wp-json\/wp\/v2\/product\/14570"}],"collection":[{"href":"https:\/\/www.paysagesrossignol.com\/en\/wp-json\/wp\/v2\/product"}],"about":[{"href":"https:\/\/www.paysagesrossignol.com\/en\/wp-json\/wp\/v2\/types\/product"}],"wp:featuredmedia":[{"embeddable":true,"href":"https:\/\/www.paysagesrossignol.com\/en\/wp-json\/wp\/v2\/media\/23101"}],"wp:attachment":[{"href":"https:\/\/www.paysagesrossignol.com\/en\/wp-json\/wp\/v2\/media?parent=14570"}],"wp:term":[{"taxonomy":"product_cat","embeddable":true,"href":"https:\/\/www.paysagesrossignol.com\/en\/wp-json\/wp\/v2\/product_cat?post=14570"},{"taxonomy":"product_tag","embeddable":true,"href":"https:\/\/www.paysagesrossignol.com\/en\/wp-json\/wp\/v2\/product_tag?post=14570"}],"curies":[{"name":"wp","href":"https:\/\/api.w.org\/{rel}","templated":true}]}}