{"id":14576,"date":"2026-03-10T00:00:11","date_gmt":"2026-03-10T04:00:11","guid":{"rendered":"https:\/\/www.paysagesrossignol.com\/produit\/menthe-poivree-mckenzie\/"},"modified":"2026-03-12T14:05:08","modified_gmt":"2026-03-12T18:05:08","slug":"menthe-poivree-mckenzie","status":"publish","type":"product","link":"https:\/\/www.paysagesrossignol.com\/en\/produit\/menthe-poivree-mckenzie\/","title":{"rendered":"Menthe Poivr\u00e9e"},"content":{"rendered":"<h1>Voir disponibilit\u00e9 en magasin<\/h1>\n<p>Elle ajoute un go\u00fbt de menthe poivr\u00e9e. Pour les sauces et les boissons, ainsi que pour un d\u00e9licieux th\u00e9. R\u00e9colter les feuilles en tout temps, au besoin. Pour s\u00e9cher, on doit r\u00e9colter les feuilles avant que les fleurs s&#8217;ouvrent. Conserver dans un contenant herm\u00e9tique quand les feuilles sont fragiles. Hauteur de la plante: 30-60 cm (12-24&#8243;). Annuelle. Mentha x Piperita<\/p>\n<p>60 jours \u00e0 la r\u00e9colte<\/p>\n<p>McKenzie<\/p>\n<p>&nbsp;<\/p>\n<p>&nbsp;<\/p>\n","protected":false},"excerpt":{"rendered":"<p>Voir disponibilit\u00e9 en magasin Elle ajoute un go\u00fbt de menthe poivr\u00e9e. Pour les sauces et les boissons, ainsi que pour un d\u00e9licieux th\u00e9. R\u00e9colter les feuilles en tout temps, au besoin. Pour s\u00e9cher, on doit r\u00e9colter les feuilles avant que les fleurs s&#8217;ouvrent. Conserver dans un contenant herm\u00e9tique quand les feuilles sont fragiles. Hauteur de [&hellip;]<\/p>\n","protected":false},"featured_media":27894,"template":"","meta":[],"product_cat":[125],"product_tag":[],"acf":[],"_links":{"self":[{"href":"https:\/\/www.paysagesrossignol.com\/en\/wp-json\/wp\/v2\/product\/14576"}],"collection":[{"href":"https:\/\/www.paysagesrossignol.com\/en\/wp-json\/wp\/v2\/product"}],"about":[{"href":"https:\/\/www.paysagesrossignol.com\/en\/wp-json\/wp\/v2\/types\/product"}],"wp:featuredmedia":[{"embeddable":true,"href":"https:\/\/www.paysagesrossignol.com\/en\/wp-json\/wp\/v2\/media\/27894"}],"wp:attachment":[{"href":"https:\/\/www.paysagesrossignol.com\/en\/wp-json\/wp\/v2\/media?parent=14576"}],"wp:term":[{"taxonomy":"product_cat","embeddable":true,"href":"https:\/\/www.paysagesrossignol.com\/en\/wp-json\/wp\/v2\/product_cat?post=14576"},{"taxonomy":"product_tag","embeddable":true,"href":"https:\/\/www.paysagesrossignol.com\/en\/wp-json\/wp\/v2\/product_tag?post=14576"}],"curies":[{"name":"wp","href":"https:\/\/api.w.org\/{rel}","templated":true}]}}