{"id":14578,"date":"2026-03-10T00:00:11","date_gmt":"2026-03-10T04:00:11","guid":{"rendered":"https:\/\/www.paysagesrossignol.com\/produit\/sauge-salvia-officinalis\/"},"modified":"2026-03-12T14:04:08","modified_gmt":"2026-03-12T18:04:08","slug":"sauge-salvia-officinalis","status":"publish","type":"product","link":"https:\/\/www.paysagesrossignol.com\/en\/produit\/sauge-salvia-officinalis\/","title":{"rendered":"Sauge"},"content":{"rendered":"<h1>Voir disponibilit\u00e9 en magasin<\/h1>\n<p>Les feuilles bleut\u00e9es de la sauge \u00e0 saveur forte s&#8217;emploient avec le porc, la volaille et dans les farces. Elles concoctent une tisane d\u00e9licieuse qui aiderait \u00e0 adoucir les maux de gorge. Lorsque les plants sont \u00e9tablis, arrosez \u00e0 l&#8217;occasion. Il faut cueillir seulement quelques feuilles la premi\u00e8re saison et remplacer le plant au complet apr\u00e8s la troisi\u00e8me ann\u00e9e, car il devient ligneux. Pour le s\u00e9chage, r\u00e9coltez les feuilles juste avant la floraison. Vivace. Zones 4-9. Salvia officinalis.<\/p>\n<p>75 jours \u00e0 la r\u00e9colte<\/p>\n<p>McKenzie<\/p>\n","protected":false},"excerpt":{"rendered":"<p>Voir disponibilit\u00e9 en magasin Les feuilles bleut\u00e9es de la sauge \u00e0 saveur forte s&#8217;emploient avec le porc, la volaille et dans les farces. Elles concoctent une tisane d\u00e9licieuse qui aiderait \u00e0 adoucir les maux de gorge. Lorsque les plants sont \u00e9tablis, arrosez \u00e0 l&#8217;occasion. Il faut cueillir seulement quelques feuilles la premi\u00e8re saison et remplacer [&hellip;]<\/p>\n","protected":false},"featured_media":23216,"template":"","meta":[],"product_cat":[125],"product_tag":[],"acf":[],"_links":{"self":[{"href":"https:\/\/www.paysagesrossignol.com\/en\/wp-json\/wp\/v2\/product\/14578"}],"collection":[{"href":"https:\/\/www.paysagesrossignol.com\/en\/wp-json\/wp\/v2\/product"}],"about":[{"href":"https:\/\/www.paysagesrossignol.com\/en\/wp-json\/wp\/v2\/types\/product"}],"wp:featuredmedia":[{"embeddable":true,"href":"https:\/\/www.paysagesrossignol.com\/en\/wp-json\/wp\/v2\/media\/23216"}],"wp:attachment":[{"href":"https:\/\/www.paysagesrossignol.com\/en\/wp-json\/wp\/v2\/media?parent=14578"}],"wp:term":[{"taxonomy":"product_cat","embeddable":true,"href":"https:\/\/www.paysagesrossignol.com\/en\/wp-json\/wp\/v2\/product_cat?post=14578"},{"taxonomy":"product_tag","embeddable":true,"href":"https:\/\/www.paysagesrossignol.com\/en\/wp-json\/wp\/v2\/product_tag?post=14578"}],"curies":[{"name":"wp","href":"https:\/\/api.w.org\/{rel}","templated":true}]}}