{"id":14602,"date":"2026-03-10T00:00:31","date_gmt":"2026-03-10T04:00:31","guid":{"rendered":"https:\/\/www.paysagesrossignol.com\/produit\/pois-laxtons-progress\/"},"modified":"2026-03-12T13:02:26","modified_gmt":"2026-03-12T17:02:26","slug":"pois-laxtons-progress","status":"publish","type":"product","link":"https:\/\/www.paysagesrossignol.com\/en\/produit\/pois-laxtons-progress\/","title":{"rendered":"Pois Laxton&#8217;s Progress"},"content":{"rendered":"<h1>Voir disponibilit\u00e9 en magasin<\/h1>\n<p>L&#8217;un des pois les plus h\u00e2tifs, au port nain. Il produit des cosses de 10 \u00e0 12.5 cm (4-5&#8243;) de long contenant 8-10 pois sucr\u00e9s de taille relativement grande. Bon rendement. Faites des semis successifs \u00e0 toutes les deux semaines jusqu&#8217;\u00e0 la mi-juin pour une saison de r\u00e9colte prolong\u00e9e. Hauteur de la plante: 45 cm(18&#8243;)<\/p>\n<p>55-60 jours \u00e0 la r\u00e9colte<\/p>\n<p>McKenzie<\/p>\n","protected":false},"excerpt":{"rendered":"<p>Voir disponibilit\u00e9 en magasin L&#8217;un des pois les plus h\u00e2tifs, au port nain. Il produit des cosses de 10 \u00e0 12.5 cm (4-5&#8243;) de long contenant 8-10 pois sucr\u00e9s de taille relativement grande. Bon rendement. Faites des semis successifs \u00e0 toutes les deux semaines jusqu&#8217;\u00e0 la mi-juin pour une saison de r\u00e9colte prolong\u00e9e. Hauteur de [&hellip;]<\/p>\n","protected":false},"featured_media":27929,"template":"","meta":[],"product_cat":[125],"product_tag":[],"acf":[],"_links":{"self":[{"href":"https:\/\/www.paysagesrossignol.com\/en\/wp-json\/wp\/v2\/product\/14602"}],"collection":[{"href":"https:\/\/www.paysagesrossignol.com\/en\/wp-json\/wp\/v2\/product"}],"about":[{"href":"https:\/\/www.paysagesrossignol.com\/en\/wp-json\/wp\/v2\/types\/product"}],"wp:featuredmedia":[{"embeddable":true,"href":"https:\/\/www.paysagesrossignol.com\/en\/wp-json\/wp\/v2\/media\/27929"}],"wp:attachment":[{"href":"https:\/\/www.paysagesrossignol.com\/en\/wp-json\/wp\/v2\/media?parent=14602"}],"wp:term":[{"taxonomy":"product_cat","embeddable":true,"href":"https:\/\/www.paysagesrossignol.com\/en\/wp-json\/wp\/v2\/product_cat?post=14602"},{"taxonomy":"product_tag","embeddable":true,"href":"https:\/\/www.paysagesrossignol.com\/en\/wp-json\/wp\/v2\/product_tag?post=14602"}],"curies":[{"name":"wp","href":"https:\/\/api.w.org\/{rel}","templated":true}]}}