{"id":14606,"date":"2026-03-10T00:00:37","date_gmt":"2026-03-10T04:00:37","guid":{"rendered":"https:\/\/www.paysagesrossignol.com\/produit\/mais-early-golden-bantam-su\/"},"modified":"2026-03-12T11:27:31","modified_gmt":"2026-03-12T15:27:31","slug":"mais-early-golden-bantam-su","status":"publish","type":"product","link":"https:\/\/www.paysagesrossignol.com\/en\/produit\/mais-early-golden-bantam-su\/","title":{"rendered":"Ma\u00efs Early Golden Bantam (SU)"},"content":{"rendered":"<h1>Voir disponibilit\u00e9 en magasin<\/h1>\n<p>Son go\u00fbt met l&#8217;eau \u00e0 la bouche, son \u00e9pi jaune dor\u00e9 et sa taille relativement naine forment une combinaison difficile \u00e0 battre. Attendez-vous \u00e0 de tr\u00e8s bons rendements d&#8217;\u00e9pis tendres et laiteux. Arrosez fr\u00e9quemment et maintenez le sol constamment humide une fois que les soies se d\u00e9veloppent. R\u00e9coltez quand les soies brunissent et s\u00e8chent. Plantez en carr\u00e9 plut\u00f4t qu&#8217;en un seul rang long pour favoriser la pollinisation. Cultiver \u00e0 une distance de 7,5 m (25&#8242;) de vari\u00e9t\u00e9s diff\u00e9rentes pour emp\u00eacher le croisement des vari\u00e9t\u00e9s. Contient de la terre diatmomaceuse<\/p>\n<p>75-80 jours \u00e0 la r\u00e9colte<\/p>\n<p>McKenzie<\/p>\n","protected":false},"excerpt":{"rendered":"<p>Voir disponibilit\u00e9 en magasin Son go\u00fbt met l&#8217;eau \u00e0 la bouche, son \u00e9pi jaune dor\u00e9 et sa taille relativement naine forment une combinaison difficile \u00e0 battre. Attendez-vous \u00e0 de tr\u00e8s bons rendements d&#8217;\u00e9pis tendres et laiteux. Arrosez fr\u00e9quemment et maintenez le sol constamment humide une fois que les soies se d\u00e9veloppent. R\u00e9coltez quand les soies [&hellip;]<\/p>\n","protected":false},"featured_media":29381,"template":"","meta":[],"product_cat":[125],"product_tag":[],"acf":[],"_links":{"self":[{"href":"https:\/\/www.paysagesrossignol.com\/en\/wp-json\/wp\/v2\/product\/14606"}],"collection":[{"href":"https:\/\/www.paysagesrossignol.com\/en\/wp-json\/wp\/v2\/product"}],"about":[{"href":"https:\/\/www.paysagesrossignol.com\/en\/wp-json\/wp\/v2\/types\/product"}],"wp:featuredmedia":[{"embeddable":true,"href":"https:\/\/www.paysagesrossignol.com\/en\/wp-json\/wp\/v2\/media\/29381"}],"wp:attachment":[{"href":"https:\/\/www.paysagesrossignol.com\/en\/wp-json\/wp\/v2\/media?parent=14606"}],"wp:term":[{"taxonomy":"product_cat","embeddable":true,"href":"https:\/\/www.paysagesrossignol.com\/en\/wp-json\/wp\/v2\/product_cat?post=14606"},{"taxonomy":"product_tag","embeddable":true,"href":"https:\/\/www.paysagesrossignol.com\/en\/wp-json\/wp\/v2\/product_tag?post=14606"}],"curies":[{"name":"wp","href":"https:\/\/api.w.org\/{rel}","templated":true}]}}