{"id":14610,"date":"2026-03-10T00:00:37","date_gmt":"2026-03-10T04:00:37","guid":{"rendered":"https:\/\/www.paysagesrossignol.com\/produit\/concombre-spacemaster-retombant\/"},"modified":"2026-03-13T08:41:12","modified_gmt":"2026-03-13T12:41:12","slug":"concombre-spacemaster-retombant","status":"publish","type":"product","link":"https:\/\/www.paysagesrossignol.com\/en\/produit\/concombre-spacemaster-retombant\/","title":{"rendered":"Concombre Spacemaster"},"content":{"rendered":"<h1>Voir disponibilit\u00e9 en magasin<\/h1>\n<p>Gros fruits uniformes de 18-23 cm (7-9&#8243;) qui ne sont jamais amers. Fort rendement. Compacte et buissonnante, cette vari\u00e9t\u00e9 est id\u00e9ale pour les emplacements o\u00f9 la croissance doit \u00eatre limit\u00e9e, notamment dans les pots et les corbeilles suspendues. Excellent lorsqu&#8217;ils sont r\u00e9colt\u00e9s encore petits et parfaits \u00e0 trancher lorsqu&#8217;ils sont plus gros. Compagnonnage: les haricots, pois, tomates, choux et laitues.<\/p>\n<p>57-64 jours \u00e0 la r\u00e9colte<\/p>\n<p>McKenzie<\/p>\n","protected":false},"excerpt":{"rendered":"<p>Voir disponibilit\u00e9 en magasin Gros fruits uniformes de 18-23 cm (7-9&#8243;) qui ne sont jamais amers. Fort rendement. Compacte et buissonnante, cette vari\u00e9t\u00e9 est id\u00e9ale pour les emplacements o\u00f9 la croissance doit \u00eatre limit\u00e9e, notamment dans les pots et les corbeilles suspendues. Excellent lorsqu&#8217;ils sont r\u00e9colt\u00e9s encore petits et parfaits \u00e0 trancher lorsqu&#8217;ils sont plus [&hellip;]<\/p>\n","protected":false},"featured_media":23612,"template":"","meta":[],"product_cat":[125],"product_tag":[],"acf":[],"_links":{"self":[{"href":"https:\/\/www.paysagesrossignol.com\/en\/wp-json\/wp\/v2\/product\/14610"}],"collection":[{"href":"https:\/\/www.paysagesrossignol.com\/en\/wp-json\/wp\/v2\/product"}],"about":[{"href":"https:\/\/www.paysagesrossignol.com\/en\/wp-json\/wp\/v2\/types\/product"}],"wp:featuredmedia":[{"embeddable":true,"href":"https:\/\/www.paysagesrossignol.com\/en\/wp-json\/wp\/v2\/media\/23612"}],"wp:attachment":[{"href":"https:\/\/www.paysagesrossignol.com\/en\/wp-json\/wp\/v2\/media?parent=14610"}],"wp:term":[{"taxonomy":"product_cat","embeddable":true,"href":"https:\/\/www.paysagesrossignol.com\/en\/wp-json\/wp\/v2\/product_cat?post=14610"},{"taxonomy":"product_tag","embeddable":true,"href":"https:\/\/www.paysagesrossignol.com\/en\/wp-json\/wp\/v2\/product_tag?post=14610"}],"curies":[{"name":"wp","href":"https:\/\/api.w.org\/{rel}","templated":true}]}}