{"id":14640,"date":"2026-03-10T00:00:57","date_gmt":"2026-03-10T04:00:57","guid":{"rendered":"https:\/\/www.paysagesrossignol.com\/produit\/laitue-early-great-lakes\/"},"modified":"2026-03-10T16:53:09","modified_gmt":"2026-03-10T20:53:09","slug":"laitue-early-great-lakes","status":"publish","type":"product","link":"https:\/\/www.paysagesrossignol.com\/en\/produit\/laitue-early-great-lakes\/","title":{"rendered":"Laitue Early Great Lakes"},"content":{"rendered":"<h1>Voir disponibilit\u00e9 en magasin<\/h1>\n<p>Une laitue pomm\u00e9e aux feuilles ext\u00e9rieures vert vif et aux feuilles int\u00e9rieures de couleur cr\u00e8me. La t\u00eate ronde de taille moyennes \u00e0 grandes est lourde et tr\u00e8s serr\u00e9e. Semez dans un sol humide et bien drain\u00e9 aussit\u00f4t que le sol peut \u00eatre travaill\u00e9 au printemps. Cro\u00eet mieux par temps frais.<\/p>\n<p>65-85 jours \u00e0 la r\u00e9colte<\/p>\n<p>McKenzie<\/p>\n","protected":false},"excerpt":{"rendered":"<p>Voir disponibilit\u00e9 en magasin Une laitue pomm\u00e9e aux feuilles ext\u00e9rieures vert vif et aux feuilles int\u00e9rieures de couleur cr\u00e8me. La t\u00eate ronde de taille moyennes \u00e0 grandes est lourde et tr\u00e8s serr\u00e9e. Semez dans un sol humide et bien drain\u00e9 aussit\u00f4t que le sol peut \u00eatre travaill\u00e9 au printemps. Cro\u00eet mieux par temps frais. 65-85 [&hellip;]<\/p>\n","protected":false},"featured_media":23536,"template":"","meta":[],"product_cat":[125],"product_tag":[],"acf":[],"_links":{"self":[{"href":"https:\/\/www.paysagesrossignol.com\/en\/wp-json\/wp\/v2\/product\/14640"}],"collection":[{"href":"https:\/\/www.paysagesrossignol.com\/en\/wp-json\/wp\/v2\/product"}],"about":[{"href":"https:\/\/www.paysagesrossignol.com\/en\/wp-json\/wp\/v2\/types\/product"}],"wp:featuredmedia":[{"embeddable":true,"href":"https:\/\/www.paysagesrossignol.com\/en\/wp-json\/wp\/v2\/media\/23536"}],"wp:attachment":[{"href":"https:\/\/www.paysagesrossignol.com\/en\/wp-json\/wp\/v2\/media?parent=14640"}],"wp:term":[{"taxonomy":"product_cat","embeddable":true,"href":"https:\/\/www.paysagesrossignol.com\/en\/wp-json\/wp\/v2\/product_cat?post=14640"},{"taxonomy":"product_tag","embeddable":true,"href":"https:\/\/www.paysagesrossignol.com\/en\/wp-json\/wp\/v2\/product_tag?post=14640"}],"curies":[{"name":"wp","href":"https:\/\/api.w.org\/{rel}","templated":true}]}}