{"id":14642,"date":"2026-03-10T00:00:57","date_gmt":"2026-03-10T04:00:57","guid":{"rendered":"https:\/\/www.paysagesrossignol.com\/produit\/mesclun-gourmet-greens-en-melange\/"},"modified":"2026-03-10T16:50:44","modified_gmt":"2026-03-10T20:50:44","slug":"mesclun-gourmet-greens-en-melange","status":"publish","type":"product","link":"https:\/\/www.paysagesrossignol.com\/en\/produit\/mesclun-gourmet-greens-en-melange\/","title":{"rendered":"Mesclun Gourmet Greens en m\u00e9lange"},"content":{"rendered":"<h1>Voir disponibilit\u00e9 en magasin<\/h1>\n<p>Est compos\u00e9 de sept diff\u00e9rentes verdures. Prenez plaisir \u00e0 d\u00e9couvrir les diff\u00e9rentes saveurs et textures de la roquette, l&#8217;endive, du chou rouge fris\u00e9, de la romaine rouge et verte, de la &#8220;bol de salade&#8221; et la laitue lolla rossa. Aussi agr\u00e9able \u00e0 admirer dans le jardin ainsi que dans votre assiette! Conseil: le mesclun n\u00e9cessite beaucoup d&#8217;humidit\u00e9.<\/p>\n<p>45-75 jours \u00e0 la r\u00e9colte<\/p>\n<p>McKenzie<\/p>\n","protected":false},"excerpt":{"rendered":"<p>Voir disponibilit\u00e9 en magasin Est compos\u00e9 de sept diff\u00e9rentes verdures. Prenez plaisir \u00e0 d\u00e9couvrir les diff\u00e9rentes saveurs et textures de la roquette, l&#8217;endive, du chou rouge fris\u00e9, de la romaine rouge et verte, de la &#8220;bol de salade&#8221; et la laitue lolla rossa. Aussi agr\u00e9able \u00e0 admirer dans le jardin ainsi que dans votre assiette! [&hellip;]<\/p>\n","protected":false},"featured_media":23547,"template":"","meta":[],"product_cat":[125],"product_tag":[],"acf":[],"_links":{"self":[{"href":"https:\/\/www.paysagesrossignol.com\/en\/wp-json\/wp\/v2\/product\/14642"}],"collection":[{"href":"https:\/\/www.paysagesrossignol.com\/en\/wp-json\/wp\/v2\/product"}],"about":[{"href":"https:\/\/www.paysagesrossignol.com\/en\/wp-json\/wp\/v2\/types\/product"}],"wp:featuredmedia":[{"embeddable":true,"href":"https:\/\/www.paysagesrossignol.com\/en\/wp-json\/wp\/v2\/media\/23547"}],"wp:attachment":[{"href":"https:\/\/www.paysagesrossignol.com\/en\/wp-json\/wp\/v2\/media?parent=14642"}],"wp:term":[{"taxonomy":"product_cat","embeddable":true,"href":"https:\/\/www.paysagesrossignol.com\/en\/wp-json\/wp\/v2\/product_cat?post=14642"},{"taxonomy":"product_tag","embeddable":true,"href":"https:\/\/www.paysagesrossignol.com\/en\/wp-json\/wp\/v2\/product_tag?post=14642"}],"curies":[{"name":"wp","href":"https:\/\/api.w.org\/{rel}","templated":true}]}}