{"id":14817,"date":"2026-03-10T00:00:16","date_gmt":"2026-03-10T04:00:16","guid":{"rendered":"https:\/\/www.paysagesrossignol.com\/produit\/melon-kiwano\/"},"modified":"2026-03-19T15:21:10","modified_gmt":"2026-03-19T19:21:10","slug":"melon-kiwano","status":"publish","type":"product","link":"https:\/\/www.paysagesrossignol.com\/en\/produit\/melon-kiwano\/","title":{"rendered":"Melon Kiwano &#8211; Bio"},"content":{"rendered":"<h1>Voir disponibilit\u00e9 en magasin<\/h1>\n<p>C\u2019est quoi dans ton jardin? Un concombre cornu africain! Fruits verts virant au jaune \u00e0 maturit\u00e9. Mangez la chair vert-lime au go\u00fbt de raisin\/banane\/concombre.<\/p>\n<p>25 semences<\/p>\n<p>Tourne-Sol<\/p>\n","protected":false},"excerpt":{"rendered":"<p>Voir disponibilit\u00e9 en magasin C\u2019est quoi dans ton jardin? Un concombre cornu africain! Fruits verts virant au jaune \u00e0 maturit\u00e9. Mangez la chair vert-lime au go\u00fbt de raisin\/banane\/concombre. 25 semences Tourne-Sol<\/p>\n","protected":false},"featured_media":14818,"template":"","meta":[],"product_cat":[123],"product_tag":[],"acf":[],"_links":{"self":[{"href":"https:\/\/www.paysagesrossignol.com\/en\/wp-json\/wp\/v2\/product\/14817"}],"collection":[{"href":"https:\/\/www.paysagesrossignol.com\/en\/wp-json\/wp\/v2\/product"}],"about":[{"href":"https:\/\/www.paysagesrossignol.com\/en\/wp-json\/wp\/v2\/types\/product"}],"wp:featuredmedia":[{"embeddable":true,"href":"https:\/\/www.paysagesrossignol.com\/en\/wp-json\/wp\/v2\/media\/14818"}],"wp:attachment":[{"href":"https:\/\/www.paysagesrossignol.com\/en\/wp-json\/wp\/v2\/media?parent=14817"}],"wp:term":[{"taxonomy":"product_cat","embeddable":true,"href":"https:\/\/www.paysagesrossignol.com\/en\/wp-json\/wp\/v2\/product_cat?post=14817"},{"taxonomy":"product_tag","embeddable":true,"href":"https:\/\/www.paysagesrossignol.com\/en\/wp-json\/wp\/v2\/product_tag?post=14817"}],"curies":[{"name":"wp","href":"https:\/\/api.w.org\/{rel}","templated":true}]}}