{"id":15646,"date":"2026-03-10T00:00:35","date_gmt":"2026-03-10T04:00:35","guid":{"rendered":"https:\/\/www.paysagesrossignol.com\/produit\/zinnia-giant-cactus-flowered-en-melange\/"},"modified":"2026-03-12T14:26:39","modified_gmt":"2026-03-12T18:26:39","slug":"zinnia-giant-cactus-flowered-en-melange","status":"publish","type":"product","link":"https:\/\/www.paysagesrossignol.com\/en\/produit\/zinnia-giant-cactus-flowered-en-melange\/","title":{"rendered":"Zinnia Giant Cactus Flower en m\u00e9lange"},"content":{"rendered":"<h1>Voir disponibilit\u00e9 en magasin<\/h1>\n<p>Les fleurs semi-doubles uniques de type cactus sont r\u00e9ellement g\u00e9antes: 12,5-15 cm (5-6&#8243;) de diam\u00e8tre. Les p\u00e9tales s&#8217;enroulent, se tordent et se plient pour cr\u00e9er une masse de couleur vraiment saisissante dans la plate-bande. Peut \u00eatre sem\u00e9 directement au jardin. Annuelle. Zinnia Elegans<\/p>\n<p>35-60 jours \u00e0 la floraison<\/p>\n<p>McKenzie<\/p>\n<p>&nbsp;<\/p>\n","protected":false},"excerpt":{"rendered":"<p>Voir disponibilit\u00e9 en magasin Les fleurs semi-doubles uniques de type cactus sont r\u00e9ellement g\u00e9antes: 12,5-15 cm (5-6&#8243;) de diam\u00e8tre. Les p\u00e9tales s&#8217;enroulent, se tordent et se plient pour cr\u00e9er une masse de couleur vraiment saisissante dans la plate-bande. Peut \u00eatre sem\u00e9 directement au jardin. Annuelle. Zinnia Elegans 35-60 jours \u00e0 la floraison McKenzie &nbsp;<\/p>\n","protected":false},"featured_media":23097,"template":"","meta":[],"product_cat":[124],"product_tag":[],"acf":[],"_links":{"self":[{"href":"https:\/\/www.paysagesrossignol.com\/en\/wp-json\/wp\/v2\/product\/15646"}],"collection":[{"href":"https:\/\/www.paysagesrossignol.com\/en\/wp-json\/wp\/v2\/product"}],"about":[{"href":"https:\/\/www.paysagesrossignol.com\/en\/wp-json\/wp\/v2\/types\/product"}],"wp:featuredmedia":[{"embeddable":true,"href":"https:\/\/www.paysagesrossignol.com\/en\/wp-json\/wp\/v2\/media\/23097"}],"wp:attachment":[{"href":"https:\/\/www.paysagesrossignol.com\/en\/wp-json\/wp\/v2\/media?parent=15646"}],"wp:term":[{"taxonomy":"product_cat","embeddable":true,"href":"https:\/\/www.paysagesrossignol.com\/en\/wp-json\/wp\/v2\/product_cat?post=15646"},{"taxonomy":"product_tag","embeddable":true,"href":"https:\/\/www.paysagesrossignol.com\/en\/wp-json\/wp\/v2\/product_tag?post=15646"}],"curies":[{"name":"wp","href":"https:\/\/api.w.org\/{rel}","templated":true}]}}