{"id":15656,"date":"2026-03-10T00:00:50","date_gmt":"2026-03-10T04:00:50","guid":{"rendered":"https:\/\/www.paysagesrossignol.com\/produit\/haricot-kentucky-wonder-rames\/"},"modified":"2026-03-12T13:43:49","modified_gmt":"2026-03-12T17:43:49","slug":"haricot-kentucky-wonder-rames","status":"publish","type":"product","link":"https:\/\/www.paysagesrossignol.com\/en\/produit\/haricot-kentucky-wonder-rames\/","title":{"rendered":"Haricot Kentucky Wonder (Rames)"},"content":{"rendered":"<h1>Voir disponibilit\u00e9 en magasin<\/h1>\n<p>Un favori des horticulteurs, en grande partie \u00e0 cause de sa saveur qui met l&#8217;eau \u00e0 la bouche. Les haricots de 20 \u00e0 23 cm (8-9&#8243;) sont produits en profusion sur de hautes tiges grimpantes. S&#8217;emploie frais ou s\u00e9ch\u00e9. Exige un tuteur (treillis, cl\u00f4ture ou tuteur en tipi). Kentucky Wonder offre une certaine r\u00e9sistance \u00e0 la rouille. \u00c9vitez de toucher aux plants lorsque leur feuillage est mouill\u00e9 ou humide.<\/p>\n<p>65-70 jours \u00e0 la r\u00e9colte<\/p>\n<p>McKenzie<\/p>\n","protected":false},"excerpt":{"rendered":"<p>Voir disponibilit\u00e9 en magasin Un favori des horticulteurs, en grande partie \u00e0 cause de sa saveur qui met l&#8217;eau \u00e0 la bouche. Les haricots de 20 \u00e0 23 cm (8-9&#8243;) sont produits en profusion sur de hautes tiges grimpantes. S&#8217;emploie frais ou s\u00e9ch\u00e9. Exige un tuteur (treillis, cl\u00f4ture ou tuteur en tipi). Kentucky Wonder offre [&hellip;]<\/p>\n","protected":false},"featured_media":27936,"template":"","meta":[],"product_cat":[125],"product_tag":[],"acf":[],"_links":{"self":[{"href":"https:\/\/www.paysagesrossignol.com\/en\/wp-json\/wp\/v2\/product\/15656"}],"collection":[{"href":"https:\/\/www.paysagesrossignol.com\/en\/wp-json\/wp\/v2\/product"}],"about":[{"href":"https:\/\/www.paysagesrossignol.com\/en\/wp-json\/wp\/v2\/types\/product"}],"wp:featuredmedia":[{"embeddable":true,"href":"https:\/\/www.paysagesrossignol.com\/en\/wp-json\/wp\/v2\/media\/27936"}],"wp:attachment":[{"href":"https:\/\/www.paysagesrossignol.com\/en\/wp-json\/wp\/v2\/media?parent=15656"}],"wp:term":[{"taxonomy":"product_cat","embeddable":true,"href":"https:\/\/www.paysagesrossignol.com\/en\/wp-json\/wp\/v2\/product_cat?post=15656"},{"taxonomy":"product_tag","embeddable":true,"href":"https:\/\/www.paysagesrossignol.com\/en\/wp-json\/wp\/v2\/product_tag?post=15656"}],"curies":[{"name":"wp","href":"https:\/\/api.w.org\/{rel}","templated":true}]}}