{"id":15665,"date":"2026-03-10T00:00:01","date_gmt":"2026-03-10T04:00:01","guid":{"rendered":"https:\/\/www.paysagesrossignol.com\/produit\/concombre-tasty-green-mckenzie\/"},"modified":"2026-03-13T09:17:30","modified_gmt":"2026-03-13T13:17:30","slug":"concombre-tasty-green-mckenzie","status":"publish","type":"product","link":"https:\/\/www.paysagesrossignol.com\/en\/produit\/concombre-tasty-green-mckenzie\/","title":{"rendered":"Concombre Tasty Green"},"content":{"rendered":"<h1>Voir disponibilit\u00e9 en magasin<\/h1>\n<p>R\u00e9colte h\u00e2tive, ce concombre facile \u00e0 dig\u00e9rer donne un haut rendement. Long d&#8217;environ 23cm (9&#8243;), \u00e9lanc\u00e9, ce fruit vert fonc\u00e9 a des stries peu profondes avec des petites \u00e9pines blanches. R\u00e9siste \u00e0 la moisissure. Un des plus populaires pour tout jardinier dans les vari\u00e9t\u00e9s faciles \u00e0 dig\u00e9rer. Compagnonnage: les haricots, pois, tomates, choux et laitues.<\/p>\n<p>60 jours \u00e0 la r\u00e9colte<\/p>\n<p>McKenzie<\/p>\n<p>&nbsp;<\/p>\n","protected":false},"excerpt":{"rendered":"<p>Voir disponibilit\u00e9 en magasin R\u00e9colte h\u00e2tive, ce concombre facile \u00e0 dig\u00e9rer donne un haut rendement. Long d&#8217;environ 23cm (9&#8243;), \u00e9lanc\u00e9, ce fruit vert fonc\u00e9 a des stries peu profondes avec des petites \u00e9pines blanches. R\u00e9siste \u00e0 la moisissure. Un des plus populaires pour tout jardinier dans les vari\u00e9t\u00e9s faciles \u00e0 dig\u00e9rer. Compagnonnage: les haricots, pois, [&hellip;]<\/p>\n","protected":false},"featured_media":25505,"template":"","meta":[],"product_cat":[125],"product_tag":[],"acf":[],"_links":{"self":[{"href":"https:\/\/www.paysagesrossignol.com\/en\/wp-json\/wp\/v2\/product\/15665"}],"collection":[{"href":"https:\/\/www.paysagesrossignol.com\/en\/wp-json\/wp\/v2\/product"}],"about":[{"href":"https:\/\/www.paysagesrossignol.com\/en\/wp-json\/wp\/v2\/types\/product"}],"wp:featuredmedia":[{"embeddable":true,"href":"https:\/\/www.paysagesrossignol.com\/en\/wp-json\/wp\/v2\/media\/25505"}],"wp:attachment":[{"href":"https:\/\/www.paysagesrossignol.com\/en\/wp-json\/wp\/v2\/media?parent=15665"}],"wp:term":[{"taxonomy":"product_cat","embeddable":true,"href":"https:\/\/www.paysagesrossignol.com\/en\/wp-json\/wp\/v2\/product_cat?post=15665"},{"taxonomy":"product_tag","embeddable":true,"href":"https:\/\/www.paysagesrossignol.com\/en\/wp-json\/wp\/v2\/product_tag?post=15665"}],"curies":[{"name":"wp","href":"https:\/\/api.w.org\/{rel}","templated":true}]}}