{"id":15681,"date":"2026-03-10T00:00:25","date_gmt":"2026-03-10T04:00:25","guid":{"rendered":"https:\/\/www.paysagesrossignol.com\/produit\/cosmos-early-sensation-en-melange-2\/"},"modified":"2026-03-12T14:57:42","modified_gmt":"2026-03-12T18:57:42","slug":"cosmos-early-sensation-en-melange-2","status":"publish","type":"product","link":"https:\/\/www.paysagesrossignol.com\/en\/produit\/cosmos-early-sensation-en-melange-2\/","title":{"rendered":"Cosmos Early Sensation en M\u00e9lange"},"content":{"rendered":"<h1>Voir disponibilit\u00e9 en magasin<\/h1>\n<p>Le cosmos est si facile \u00e0 cultiver qu&#8217;il semble profiter de notre n\u00e9gligence. Les grandes fleurs de 9 cm (3 1\/2&#8243;) de diam\u00e8tre telles des marguerites sont cramoisies, rose fonc\u00e9, rose p\u00e2le et blanches avec un centre jaune vif. Elles sont port\u00e9es sur de hautes tiges au-dessus d&#8217;un feuillage gracieux semblable \u00e0 la foug\u00e8re. D&#8217;une beaut\u00e9 remarquable, pour les bordures et \u00e0 l&#8217;arri\u00e8re sc\u00e8ne de la plate-bande. Annuelle. Cosmos Bipinnatus<\/p>\n<p>75-90 jours \u00e0 la floraison<\/p>\n<p>McKenzie<\/p>\n","protected":false},"excerpt":{"rendered":"<p>Voir disponibilit\u00e9 en magasin Le cosmos est si facile \u00e0 cultiver qu&#8217;il semble profiter de notre n\u00e9gligence. Les grandes fleurs de 9 cm (3 1\/2&#8243;) de diam\u00e8tre telles des marguerites sont cramoisies, rose fonc\u00e9, rose p\u00e2le et blanches avec un centre jaune vif. Elles sont port\u00e9es sur de hautes tiges au-dessus d&#8217;un feuillage gracieux semblable [&hellip;]<\/p>\n","protected":false},"featured_media":23847,"template":"","meta":[],"product_cat":[124],"product_tag":[],"acf":[],"_links":{"self":[{"href":"https:\/\/www.paysagesrossignol.com\/en\/wp-json\/wp\/v2\/product\/15681"}],"collection":[{"href":"https:\/\/www.paysagesrossignol.com\/en\/wp-json\/wp\/v2\/product"}],"about":[{"href":"https:\/\/www.paysagesrossignol.com\/en\/wp-json\/wp\/v2\/types\/product"}],"wp:featuredmedia":[{"embeddable":true,"href":"https:\/\/www.paysagesrossignol.com\/en\/wp-json\/wp\/v2\/media\/23847"}],"wp:attachment":[{"href":"https:\/\/www.paysagesrossignol.com\/en\/wp-json\/wp\/v2\/media?parent=15681"}],"wp:term":[{"taxonomy":"product_cat","embeddable":true,"href":"https:\/\/www.paysagesrossignol.com\/en\/wp-json\/wp\/v2\/product_cat?post=15681"},{"taxonomy":"product_tag","embeddable":true,"href":"https:\/\/www.paysagesrossignol.com\/en\/wp-json\/wp\/v2\/product_tag?post=15681"}],"curies":[{"name":"wp","href":"https:\/\/api.w.org\/{rel}","templated":true}]}}