{"id":15683,"date":"2026-03-10T00:00:25","date_gmt":"2026-03-10T04:00:25","guid":{"rendered":"https:\/\/www.paysagesrossignol.com\/produit\/gloire-du-matin-early-call-en-melange\/"},"modified":"2026-03-12T14:36:22","modified_gmt":"2026-03-12T18:36:22","slug":"gloire-du-matin-early-call-en-melange","status":"publish","type":"product","link":"https:\/\/www.paysagesrossignol.com\/en\/produit\/gloire-du-matin-early-call-en-melange\/","title":{"rendered":"Gloire du Matin Early Call en m\u00e9lange"},"content":{"rendered":"<h1>Voir disponibilit\u00e9 en magasin<\/h1>\n<p>Produit des feuilles en forme de coeur et de grandes fleurs en trompette dans une vaste gamme de couleurs vives, \u00e0 la fois unies et \u00e0 marge blanche. Faites tremper les graines dans de l&#8217;eau \u00e0 temp\u00e9rature ambiante 12 \u00e0 24 heures avant le semis pour favoriser la germination. Un sol fertilis\u00e9 ou riche donnera un feuillage luxuriant, mais emp\u00eachera la floraison. <strong>Avis: Les graines sont toxiques si ing\u00e9r\u00e9es.<\/strong> Annuelle. Ipomoea Nil<\/p>\n<p>50-80 jours \u00e0 la floraison<\/p>\n<p>McKenzie<\/p>\n<p>&nbsp;<\/p>\n","protected":false},"excerpt":{"rendered":"<p>Voir disponibilit\u00e9 en magasin Produit des feuilles en forme de coeur et de grandes fleurs en trompette dans une vaste gamme de couleurs vives, \u00e0 la fois unies et \u00e0 marge blanche. Faites tremper les graines dans de l&#8217;eau \u00e0 temp\u00e9rature ambiante 12 \u00e0 24 heures avant le semis pour favoriser la germination. Un sol [&hellip;]<\/p>\n","protected":false},"featured_media":28210,"template":"","meta":[],"product_cat":[124],"product_tag":[],"acf":[],"_links":{"self":[{"href":"https:\/\/www.paysagesrossignol.com\/en\/wp-json\/wp\/v2\/product\/15683"}],"collection":[{"href":"https:\/\/www.paysagesrossignol.com\/en\/wp-json\/wp\/v2\/product"}],"about":[{"href":"https:\/\/www.paysagesrossignol.com\/en\/wp-json\/wp\/v2\/types\/product"}],"wp:featuredmedia":[{"embeddable":true,"href":"https:\/\/www.paysagesrossignol.com\/en\/wp-json\/wp\/v2\/media\/28210"}],"wp:attachment":[{"href":"https:\/\/www.paysagesrossignol.com\/en\/wp-json\/wp\/v2\/media?parent=15683"}],"wp:term":[{"taxonomy":"product_cat","embeddable":true,"href":"https:\/\/www.paysagesrossignol.com\/en\/wp-json\/wp\/v2\/product_cat?post=15683"},{"taxonomy":"product_tag","embeddable":true,"href":"https:\/\/www.paysagesrossignol.com\/en\/wp-json\/wp\/v2\/product_tag?post=15683"}],"curies":[{"name":"wp","href":"https:\/\/api.w.org\/{rel}","templated":true}]}}