{"id":15685,"date":"2026-03-10T00:00:25","date_gmt":"2026-03-10T04:00:25","guid":{"rendered":"https:\/\/www.paysagesrossignol.com\/produit\/cosmos-candy-stripe\/"},"modified":"2026-03-12T15:41:16","modified_gmt":"2026-03-12T19:41:16","slug":"cosmos-candy-stripe","status":"publish","type":"product","link":"https:\/\/www.paysagesrossignol.com\/en\/produit\/cosmos-candy-stripe\/","title":{"rendered":"Cosmos Candy Stripe"},"content":{"rendered":"<h1>Voir disponibilit\u00e9 en magasin<\/h1>\n<p>Les fleurs blanches glac\u00e9es sont bord\u00e9es, \u00e9clabouss\u00e9es ou tachet\u00e9es de rouge \u00e9carlate. Occasionnellement, une fleur toute rouge peut appara\u00eetre. Supporte bien la transplantation. Annuelle. Cosmos Bipinnatus<\/p>\n<p>75-90 jours \u00e0 la floraison<\/p>\n<p>McKenzie<\/p>\n","protected":false},"excerpt":{"rendered":"<p>Voir disponibilit\u00e9 en magasin Les fleurs blanches glac\u00e9es sont bord\u00e9es, \u00e9clabouss\u00e9es ou tachet\u00e9es de rouge \u00e9carlate. Occasionnellement, une fleur toute rouge peut appara\u00eetre. Supporte bien la transplantation. Annuelle. Cosmos Bipinnatus 75-90 jours \u00e0 la floraison McKenzie<\/p>\n","protected":false},"featured_media":29435,"template":"","meta":[],"product_cat":[124],"product_tag":[],"acf":[],"_links":{"self":[{"href":"https:\/\/www.paysagesrossignol.com\/en\/wp-json\/wp\/v2\/product\/15685"}],"collection":[{"href":"https:\/\/www.paysagesrossignol.com\/en\/wp-json\/wp\/v2\/product"}],"about":[{"href":"https:\/\/www.paysagesrossignol.com\/en\/wp-json\/wp\/v2\/types\/product"}],"wp:featuredmedia":[{"embeddable":true,"href":"https:\/\/www.paysagesrossignol.com\/en\/wp-json\/wp\/v2\/media\/29435"}],"wp:attachment":[{"href":"https:\/\/www.paysagesrossignol.com\/en\/wp-json\/wp\/v2\/media?parent=15685"}],"wp:term":[{"taxonomy":"product_cat","embeddable":true,"href":"https:\/\/www.paysagesrossignol.com\/en\/wp-json\/wp\/v2\/product_cat?post=15685"},{"taxonomy":"product_tag","embeddable":true,"href":"https:\/\/www.paysagesrossignol.com\/en\/wp-json\/wp\/v2\/product_tag?post=15685"}],"curies":[{"name":"wp","href":"https:\/\/api.w.org\/{rel}","templated":true}]}}