{"id":15695,"date":"2026-03-10T00:00:37","date_gmt":"2026-03-10T04:00:37","guid":{"rendered":"https:\/\/www.paysagesrossignol.com\/produit\/oeillet-dinde-hero-hybride-f1-en-melange\/"},"modified":"2026-03-12T14:54:32","modified_gmt":"2026-03-12T18:54:32","slug":"oeillet-dinde-hero-hybride-f1-en-melange","status":"publish","type":"product","link":"https:\/\/www.paysagesrossignol.com\/en\/produit\/oeillet-dinde-hero-hybride-f1-en-melange\/","title":{"rendered":"Oeillet d&#8217;Inde Hero Hybride F1 en m\u00e9lange"},"content":{"rendered":"<h1>Voir disponibilit\u00e9 en magasin<\/h1>\n<p>Ce magnifique m\u00e9lange d\u2019hybrides comprend des tons de rouge, jaune, orange et dor\u00e9. Les fleurs doubles ont un diam\u00e8tre de 5-6,5 cm (2-2,5&#8243;), ce qui en fait l\u2019un des oeillets d\u2019Inde nains aux fleurs cr\u00eat\u00e9es les plus grosses. Une plante \u00e0 entretien minimal qui r\u00e9siste bien \u00e0 la chaleur et au vent. Annuelle. Tagetes Patula<\/p>\n<p>45-60 jours \u00e0 la floraison<\/p>\n<p>McKenzie<\/p>\n","protected":false},"excerpt":{"rendered":"<p>Voir disponibilit\u00e9 en magasin Ce magnifique m\u00e9lange d\u2019hybrides comprend des tons de rouge, jaune, orange et dor\u00e9. Les fleurs doubles ont un diam\u00e8tre de 5-6,5 cm (2-2,5&#8243;), ce qui en fait l\u2019un des oeillets d\u2019Inde nains aux fleurs cr\u00eat\u00e9es les plus grosses. Une plante \u00e0 entretien minimal qui r\u00e9siste bien \u00e0 la chaleur et au [&hellip;]<\/p>\n","protected":false},"featured_media":23834,"template":"","meta":[],"product_cat":[124],"product_tag":[],"acf":[],"_links":{"self":[{"href":"https:\/\/www.paysagesrossignol.com\/en\/wp-json\/wp\/v2\/product\/15695"}],"collection":[{"href":"https:\/\/www.paysagesrossignol.com\/en\/wp-json\/wp\/v2\/product"}],"about":[{"href":"https:\/\/www.paysagesrossignol.com\/en\/wp-json\/wp\/v2\/types\/product"}],"wp:featuredmedia":[{"embeddable":true,"href":"https:\/\/www.paysagesrossignol.com\/en\/wp-json\/wp\/v2\/media\/23834"}],"wp:attachment":[{"href":"https:\/\/www.paysagesrossignol.com\/en\/wp-json\/wp\/v2\/media?parent=15695"}],"wp:term":[{"taxonomy":"product_cat","embeddable":true,"href":"https:\/\/www.paysagesrossignol.com\/en\/wp-json\/wp\/v2\/product_cat?post=15695"},{"taxonomy":"product_tag","embeddable":true,"href":"https:\/\/www.paysagesrossignol.com\/en\/wp-json\/wp\/v2\/product_tag?post=15695"}],"curies":[{"name":"wp","href":"https:\/\/api.w.org\/{rel}","templated":true}]}}