{"id":15711,"date":"2026-03-10T00:00:06","date_gmt":"2026-03-10T04:00:06","guid":{"rendered":"https:\/\/www.paysagesrossignol.com\/produit\/pak-choi-mei-qing\/"},"modified":"2026-03-10T16:29:25","modified_gmt":"2026-03-10T20:29:25","slug":"pak-choi-mei-qing","status":"publish","type":"product","link":"https:\/\/www.paysagesrossignol.com\/en\/produit\/pak-choi-mei-qing\/","title":{"rendered":"Pak Choi Mei Qing"},"content":{"rendered":"<h1>Voir disponibilit\u00e9 en magasin<\/h1>\n<p>Aussi connue sous le nom de Shanghai Pak Choi, cette vari\u00e9t\u00e9 populaire est tr\u00e8s croustillante, tendre et savoureuse. De taille uniforme, ses feuilles en forme de cuill\u00e8res tr\u00e8s compact\u00e9es autour du plant sont lentes \u00e0 monter en graines. Garder le sol humide pour une meilleure croissance.<\/p>\n<p>40 jours \u00e0 la r\u00e9colte<\/p>\n<p>McKenzie<\/p>\n<p>&nbsp;<\/p>\n","protected":false},"excerpt":{"rendered":"<p>Voir disponibilit\u00e9 en magasin Aussi connue sous le nom de Shanghai Pak Choi, cette vari\u00e9t\u00e9 populaire est tr\u00e8s croustillante, tendre et savoureuse. De taille uniforme, ses feuilles en forme de cuill\u00e8res tr\u00e8s compact\u00e9es autour du plant sont lentes \u00e0 monter en graines. Garder le sol humide pour une meilleure croissance. 40 jours \u00e0 la r\u00e9colte [&hellip;]<\/p>\n","protected":false},"featured_media":29334,"template":"","meta":[],"product_cat":[125],"product_tag":[],"acf":[],"_links":{"self":[{"href":"https:\/\/www.paysagesrossignol.com\/en\/wp-json\/wp\/v2\/product\/15711"}],"collection":[{"href":"https:\/\/www.paysagesrossignol.com\/en\/wp-json\/wp\/v2\/product"}],"about":[{"href":"https:\/\/www.paysagesrossignol.com\/en\/wp-json\/wp\/v2\/types\/product"}],"wp:featuredmedia":[{"embeddable":true,"href":"https:\/\/www.paysagesrossignol.com\/en\/wp-json\/wp\/v2\/media\/29334"}],"wp:attachment":[{"href":"https:\/\/www.paysagesrossignol.com\/en\/wp-json\/wp\/v2\/media?parent=15711"}],"wp:term":[{"taxonomy":"product_cat","embeddable":true,"href":"https:\/\/www.paysagesrossignol.com\/en\/wp-json\/wp\/v2\/product_cat?post=15711"},{"taxonomy":"product_tag","embeddable":true,"href":"https:\/\/www.paysagesrossignol.com\/en\/wp-json\/wp\/v2\/product_tag?post=15711"}],"curies":[{"name":"wp","href":"https:\/\/api.w.org\/{rel}","templated":true}]}}