{"id":15717,"date":"2026-03-10T00:00:06","date_gmt":"2026-03-10T04:00:06","guid":{"rendered":"https:\/\/www.paysagesrossignol.com\/produit\/herbe-de-la-pampa-rose\/"},"modified":"2026-03-12T14:41:05","modified_gmt":"2026-03-12T18:41:05","slug":"herbe-de-la-pampa-rose","status":"publish","type":"product","link":"https:\/\/www.paysagesrossignol.com\/en\/produit\/herbe-de-la-pampa-rose\/","title":{"rendered":"Gramin\u00e9es Ornementaux Herbe de la Pampa Rose"},"content":{"rendered":"<h1>Voir disponibilit\u00e9 en magasin<\/h1>\n<p>Les longues plumes roses, douces, soyeuses sont support\u00e9es par des douzaines de grandes tiges. Les panicules de fleurs sont situ\u00e9es au-dessus des feuilles denses. Touffes denses. Ajoutez de la beaut\u00e9 \u00e0 vos paysages ou utilisez ces plantes s\u00e9ch\u00e9es pour des arrangements \u00e0 l&#8217;int\u00e9rieur. Une vue spectaculaire en pleine floraison. Vivace. Zones 7-9. Cortaderia Sellona.<\/p>\n<p>Fleurit chaque ann\u00e9e<\/p>\n<p>McKenzie<\/p>\n<p>&nbsp;<\/p>\n","protected":false},"excerpt":{"rendered":"<p>Voir disponibilit\u00e9 en magasin Les longues plumes roses, douces, soyeuses sont support\u00e9es par des douzaines de grandes tiges. Les panicules de fleurs sont situ\u00e9es au-dessus des feuilles denses. Touffes denses. Ajoutez de la beaut\u00e9 \u00e0 vos paysages ou utilisez ces plantes s\u00e9ch\u00e9es pour des arrangements \u00e0 l&#8217;int\u00e9rieur. Une vue spectaculaire en pleine floraison. Vivace. Zones [&hellip;]<\/p>\n","protected":false},"featured_media":23860,"template":"","meta":[],"product_cat":[124],"product_tag":[],"acf":[],"_links":{"self":[{"href":"https:\/\/www.paysagesrossignol.com\/en\/wp-json\/wp\/v2\/product\/15717"}],"collection":[{"href":"https:\/\/www.paysagesrossignol.com\/en\/wp-json\/wp\/v2\/product"}],"about":[{"href":"https:\/\/www.paysagesrossignol.com\/en\/wp-json\/wp\/v2\/types\/product"}],"wp:featuredmedia":[{"embeddable":true,"href":"https:\/\/www.paysagesrossignol.com\/en\/wp-json\/wp\/v2\/media\/23860"}],"wp:attachment":[{"href":"https:\/\/www.paysagesrossignol.com\/en\/wp-json\/wp\/v2\/media?parent=15717"}],"wp:term":[{"taxonomy":"product_cat","embeddable":true,"href":"https:\/\/www.paysagesrossignol.com\/en\/wp-json\/wp\/v2\/product_cat?post=15717"},{"taxonomy":"product_tag","embeddable":true,"href":"https:\/\/www.paysagesrossignol.com\/en\/wp-json\/wp\/v2\/product_tag?post=15717"}],"curies":[{"name":"wp","href":"https:\/\/api.w.org\/{rel}","templated":true}]}}