{"id":15731,"date":"2026-03-10T00:00:25","date_gmt":"2026-03-10T04:00:25","guid":{"rendered":"https:\/\/www.paysagesrossignol.com\/produit\/radis-watermelon\/"},"modified":"2026-03-13T09:08:58","modified_gmt":"2026-03-13T13:08:58","slug":"radis-watermelon","status":"publish","type":"product","link":"https:\/\/www.paysagesrossignol.com\/en\/produit\/radis-watermelon\/","title":{"rendered":"Radis Watermelon"},"content":{"rendered":"<h1>Voir disponibilit\u00e9 en magasin<\/h1>\n<p>Ce radis est d&#8217;origine chinoise. Il a la forme ronde, une extr\u00e9mit\u00e9 verte prononc\u00e9e, la peau blanche et la chair rouge vive. Un radis croustillant au go\u00fbt et sucr\u00e9, il pousse mieux dans des temp\u00e9rature plus fraiches.<\/p>\n<p>60 jours \u00e0 la r\u00e9colte<\/p>\n<p>McKenzie<\/p>\n","protected":false},"excerpt":{"rendered":"<p>Voir disponibilit\u00e9 en magasin Ce radis est d&#8217;origine chinoise. Il a la forme ronde, une extr\u00e9mit\u00e9 verte prononc\u00e9e, la peau blanche et la chair rouge vive. Un radis croustillant au go\u00fbt et sucr\u00e9, il pousse mieux dans des temp\u00e9rature plus fraiches. 60 jours \u00e0 la r\u00e9colte McKenzie<\/p>\n","protected":false},"featured_media":23658,"template":"","meta":[],"product_cat":[125],"product_tag":[],"acf":[],"_links":{"self":[{"href":"https:\/\/www.paysagesrossignol.com\/en\/wp-json\/wp\/v2\/product\/15731"}],"collection":[{"href":"https:\/\/www.paysagesrossignol.com\/en\/wp-json\/wp\/v2\/product"}],"about":[{"href":"https:\/\/www.paysagesrossignol.com\/en\/wp-json\/wp\/v2\/types\/product"}],"wp:featuredmedia":[{"embeddable":true,"href":"https:\/\/www.paysagesrossignol.com\/en\/wp-json\/wp\/v2\/media\/23658"}],"wp:attachment":[{"href":"https:\/\/www.paysagesrossignol.com\/en\/wp-json\/wp\/v2\/media?parent=15731"}],"wp:term":[{"taxonomy":"product_cat","embeddable":true,"href":"https:\/\/www.paysagesrossignol.com\/en\/wp-json\/wp\/v2\/product_cat?post=15731"},{"taxonomy":"product_tag","embeddable":true,"href":"https:\/\/www.paysagesrossignol.com\/en\/wp-json\/wp\/v2\/product_tag?post=15731"}],"curies":[{"name":"wp","href":"https:\/\/api.w.org\/{rel}","templated":true}]}}