{"id":15751,"date":"2026-03-10T00:00:40","date_gmt":"2026-03-10T04:00:40","guid":{"rendered":"https:\/\/www.paysagesrossignol.com\/produit\/tomate-sub-arctic-plenty\/"},"modified":"2026-03-10T15:22:19","modified_gmt":"2026-03-10T19:22:19","slug":"tomate-sub-arctic-plenty","status":"publish","type":"product","link":"https:\/\/www.paysagesrossignol.com\/en\/produit\/tomate-sub-arctic-plenty\/","title":{"rendered":"Tomate Sub Arctic Plenty"},"content":{"rendered":"<h1>Voir disponibilit\u00e9 en magasin<\/h1>\n<p>D\u00e9velopp\u00e9 en Alberta, cette tomate h\u00e2tive fructifie m\u00eame quand les nuits sont froides. Port dress\u00e9. Nombreux fruits rouge vif de 56-70 g (2-2,5 oz). D\u00e9termin\u00e9e &#8211; aucun tuteur n\u00e9cessaire. *apr\u00e8s la transplantation au jardin<\/p>\n<p>*40-59 jours \u00e0 la r\u00e9colte<\/p>\n<p>McKenzie<\/p>\n","protected":false},"excerpt":{"rendered":"<p>Voir disponibilit\u00e9 en magasin D\u00e9velopp\u00e9 en Alberta, cette tomate h\u00e2tive fructifie m\u00eame quand les nuits sont froides. Port dress\u00e9. Nombreux fruits rouge vif de 56-70 g (2-2,5 oz). D\u00e9termin\u00e9e &#8211; aucun tuteur n\u00e9cessaire. *apr\u00e8s la transplantation au jardin *40-59 jours \u00e0 la r\u00e9colte McKenzie<\/p>\n","protected":false},"featured_media":25585,"template":"","meta":[],"product_cat":[125],"product_tag":[],"acf":[],"_links":{"self":[{"href":"https:\/\/www.paysagesrossignol.com\/en\/wp-json\/wp\/v2\/product\/15751"}],"collection":[{"href":"https:\/\/www.paysagesrossignol.com\/en\/wp-json\/wp\/v2\/product"}],"about":[{"href":"https:\/\/www.paysagesrossignol.com\/en\/wp-json\/wp\/v2\/types\/product"}],"wp:featuredmedia":[{"embeddable":true,"href":"https:\/\/www.paysagesrossignol.com\/en\/wp-json\/wp\/v2\/media\/25585"}],"wp:attachment":[{"href":"https:\/\/www.paysagesrossignol.com\/en\/wp-json\/wp\/v2\/media?parent=15751"}],"wp:term":[{"taxonomy":"product_cat","embeddable":true,"href":"https:\/\/www.paysagesrossignol.com\/en\/wp-json\/wp\/v2\/product_cat?post=15751"},{"taxonomy":"product_tag","embeddable":true,"href":"https:\/\/www.paysagesrossignol.com\/en\/wp-json\/wp\/v2\/product_tag?post=15751"}],"curies":[{"name":"wp","href":"https:\/\/api.w.org\/{rel}","templated":true}]}}