{"id":15753,"date":"2026-03-10T00:00:40","date_gmt":"2026-03-10T04:00:40","guid":{"rendered":"https:\/\/www.paysagesrossignol.com\/produit\/zucchini-elite-hybride\/"},"modified":"2026-03-10T14:52:52","modified_gmt":"2026-03-10T18:52:52","slug":"zucchini-elite-hybride","status":"publish","type":"product","link":"https:\/\/www.paysagesrossignol.com\/en\/produit\/zucchini-elite-hybride\/","title":{"rendered":"Zucchini \u00c9lite Hybride"},"content":{"rendered":"<p>Facile \u00e0 cultiver, d\u2019une qualit\u00e9 exceptionnelle, r\u00e9colte h\u00e2tive et tr\u00e8s productive<\/p>\n<p>55 jours<\/p>\n<p>McKenzie<\/p>\n<p>&nbsp;<\/p>\n<p>&nbsp;<\/p>\n","protected":false},"excerpt":{"rendered":"<p>Facile \u00e0 cultiver, d\u2019une qualit\u00e9 exceptionnelle, r\u00e9colte h\u00e2tive et tr\u00e8s productive 55 jours McKenzie &nbsp; &nbsp;<\/p>\n","protected":false},"featured_media":23692,"template":"","meta":[],"product_cat":[125],"product_tag":[],"acf":[],"_links":{"self":[{"href":"https:\/\/www.paysagesrossignol.com\/en\/wp-json\/wp\/v2\/product\/15753"}],"collection":[{"href":"https:\/\/www.paysagesrossignol.com\/en\/wp-json\/wp\/v2\/product"}],"about":[{"href":"https:\/\/www.paysagesrossignol.com\/en\/wp-json\/wp\/v2\/types\/product"}],"wp:featuredmedia":[{"embeddable":true,"href":"https:\/\/www.paysagesrossignol.com\/en\/wp-json\/wp\/v2\/media\/23692"}],"wp:attachment":[{"href":"https:\/\/www.paysagesrossignol.com\/en\/wp-json\/wp\/v2\/media?parent=15753"}],"wp:term":[{"taxonomy":"product_cat","embeddable":true,"href":"https:\/\/www.paysagesrossignol.com\/en\/wp-json\/wp\/v2\/product_cat?post=15753"},{"taxonomy":"product_tag","embeddable":true,"href":"https:\/\/www.paysagesrossignol.com\/en\/wp-json\/wp\/v2\/product_tag?post=15753"}],"curies":[{"name":"wp","href":"https:\/\/api.w.org\/{rel}","templated":true}]}}