{"id":15758,"date":"2026-03-10T00:00:46","date_gmt":"2026-03-10T04:00:46","guid":{"rendered":"https:\/\/www.paysagesrossignol.com\/produit\/concombre-morden-early\/"},"modified":"2026-03-13T08:52:09","modified_gmt":"2026-03-13T12:52:09","slug":"concombre-morden-early","status":"publish","type":"product","link":"https:\/\/www.paysagesrossignol.com\/en\/produit\/concombre-morden-early\/","title":{"rendered":"Concombre Morden Early"},"content":{"rendered":"<h1>Voir disponibilit\u00e9 en magasin<\/h1>\n<p>Vari\u00e9t\u00e9 \u00e0 marinade produisant des concombres aux \u00e9pines blanches, de couleur vert moyen. Cette vari\u00e9t\u00e9 \u00e0 fruits arrondis ne demande pas beaucoup d&#8217;espace dans le potager.<\/p>\n<p>45 jours \u00e0 la r\u00e9colte<\/p>\n<p>McKenzie<\/p>\n<p>&nbsp;<\/p>\n","protected":false},"excerpt":{"rendered":"<p>Voir disponibilit\u00e9 en magasin Vari\u00e9t\u00e9 \u00e0 marinade produisant des concombres aux \u00e9pines blanches, de couleur vert moyen. Cette vari\u00e9t\u00e9 \u00e0 fruits arrondis ne demande pas beaucoup d&#8217;espace dans le potager. 45 jours \u00e0 la r\u00e9colte McKenzie &nbsp;<\/p>\n","protected":false},"featured_media":29479,"template":"","meta":[],"product_cat":[125],"product_tag":[],"acf":[],"_links":{"self":[{"href":"https:\/\/www.paysagesrossignol.com\/en\/wp-json\/wp\/v2\/product\/15758"}],"collection":[{"href":"https:\/\/www.paysagesrossignol.com\/en\/wp-json\/wp\/v2\/product"}],"about":[{"href":"https:\/\/www.paysagesrossignol.com\/en\/wp-json\/wp\/v2\/types\/product"}],"wp:featuredmedia":[{"embeddable":true,"href":"https:\/\/www.paysagesrossignol.com\/en\/wp-json\/wp\/v2\/media\/29479"}],"wp:attachment":[{"href":"https:\/\/www.paysagesrossignol.com\/en\/wp-json\/wp\/v2\/media?parent=15758"}],"wp:term":[{"taxonomy":"product_cat","embeddable":true,"href":"https:\/\/www.paysagesrossignol.com\/en\/wp-json\/wp\/v2\/product_cat?post=15758"},{"taxonomy":"product_tag","embeddable":true,"href":"https:\/\/www.paysagesrossignol.com\/en\/wp-json\/wp\/v2\/product_tag?post=15758"}],"curies":[{"name":"wp","href":"https:\/\/api.w.org\/{rel}","templated":true}]}}