{"id":15768,"date":"2026-03-10T00:00:55","date_gmt":"2026-03-10T04:00:55","guid":{"rendered":"https:\/\/www.paysagesrossignol.com\/produit\/radis-sparkler-white-tip\/"},"modified":"2026-03-12T11:04:20","modified_gmt":"2026-03-12T15:04:20","slug":"radis-sparkler-white-tip","status":"publish","type":"product","link":"https:\/\/www.paysagesrossignol.com\/en\/produit\/radis-sparkler-white-tip\/","title":{"rendered":"Radis Sparkler White Tip"},"content":{"rendered":"<h1>Voir disponibilit\u00e9 en magasin<\/h1>\n<p>Pour mettre un peu de piquant dans votre vie! La racine presque ronde, 4,5 cm (1 3\/4&#8243;), \u00e9carlate \u00e0 l&#8217;extr\u00e9mit\u00e9 blanche. Ce radis surprend avec sa saveur d\u00e9licieusement piment\u00e9e. Demeure croustillant et se conserve bien. L\u00e9gume de saison froide. Faites plusieurs semis \u00e0 10 jours d&#8217;intervalle, arr\u00eatant lorsque la temp\u00e9rature se r\u00e9chauffe. Pour une r\u00e9colte automnale, semez-en de nouveau lorsque la temp\u00e9rature se rafra\u00eechit.<\/p>\n<p>25 jours \u00e0 la r\u00e9colte<\/p>\n<p>McKenzie<\/p>\n<p>&nbsp;<\/p>\n","protected":false},"excerpt":{"rendered":"<p>Voir disponibilit\u00e9 en magasin Pour mettre un peu de piquant dans votre vie! La racine presque ronde, 4,5 cm (1 3\/4&#8243;), \u00e9carlate \u00e0 l&#8217;extr\u00e9mit\u00e9 blanche. Ce radis surprend avec sa saveur d\u00e9licieusement piment\u00e9e. Demeure croustillant et se conserve bien. L\u00e9gume de saison froide. Faites plusieurs semis \u00e0 10 jours d&#8217;intervalle, arr\u00eatant lorsque la temp\u00e9rature se [&hellip;]<\/p>\n","protected":false},"featured_media":29369,"template":"","meta":[],"product_cat":[125],"product_tag":[],"acf":[],"_links":{"self":[{"href":"https:\/\/www.paysagesrossignol.com\/en\/wp-json\/wp\/v2\/product\/15768"}],"collection":[{"href":"https:\/\/www.paysagesrossignol.com\/en\/wp-json\/wp\/v2\/product"}],"about":[{"href":"https:\/\/www.paysagesrossignol.com\/en\/wp-json\/wp\/v2\/types\/product"}],"wp:featuredmedia":[{"embeddable":true,"href":"https:\/\/www.paysagesrossignol.com\/en\/wp-json\/wp\/v2\/media\/29369"}],"wp:attachment":[{"href":"https:\/\/www.paysagesrossignol.com\/en\/wp-json\/wp\/v2\/media?parent=15768"}],"wp:term":[{"taxonomy":"product_cat","embeddable":true,"href":"https:\/\/www.paysagesrossignol.com\/en\/wp-json\/wp\/v2\/product_cat?post=15768"},{"taxonomy":"product_tag","embeddable":true,"href":"https:\/\/www.paysagesrossignol.com\/en\/wp-json\/wp\/v2\/product_tag?post=15768"}],"curies":[{"name":"wp","href":"https:\/\/api.w.org\/{rel}","templated":true}]}}