{"id":15776,"date":"2026-03-10T00:00:55","date_gmt":"2026-03-10T04:00:55","guid":{"rendered":"https:\/\/www.paysagesrossignol.com\/produit\/mais-honey-select-triplesweet\/"},"modified":"2026-03-12T12:04:26","modified_gmt":"2026-03-12T16:04:26","slug":"mais-honey-select-triplesweet","status":"publish","type":"product","link":"https:\/\/www.paysagesrossignol.com\/en\/produit\/mais-honey-select-triplesweet\/","title":{"rendered":"Mais Honey Select Triplesweet"},"content":{"rendered":"<h1>Voir disponibilit\u00e9 en magasin<\/h1>\n<p>AAS Gagnant! Ma\u00efs Sucr\u00e9 Jaune est une vari\u00e9t\u00e9 de type Triplesweet hybride qui offre une tendret\u00e9, saveur et douceur exceptionnelle. \u00c9pis jaune d&#8217;or de 22 cm (8 1\/2&#8243;) de longueur avec 18 \u00e0 20 rang\u00e9es regorgent de grains croquants doux. Plantez en carr\u00e9 plut\u00f4t qu&#8217;en un seul rang pour favoriser la pollinisation. Pas besoin d&#8217;\u00eatre isoler des autres plants. Contient de la terre diatmomaceuse.<\/p>\n<p>79 jours \u00e0 la r\u00e9colte<\/p>\n<p>McKenzie<\/p>\n","protected":false},"excerpt":{"rendered":"<p>Voir disponibilit\u00e9 en magasin AAS Gagnant! Ma\u00efs Sucr\u00e9 Jaune est une vari\u00e9t\u00e9 de type Triplesweet hybride qui offre une tendret\u00e9, saveur et douceur exceptionnelle. \u00c9pis jaune d&#8217;or de 22 cm (8 1\/2&#8243;) de longueur avec 18 \u00e0 20 rang\u00e9es regorgent de grains croquants doux. Plantez en carr\u00e9 plut\u00f4t qu&#8217;en un seul rang pour favoriser la [&hellip;]<\/p>\n","protected":false},"featured_media":29397,"template":"","meta":[],"product_cat":[125],"product_tag":[],"acf":[],"_links":{"self":[{"href":"https:\/\/www.paysagesrossignol.com\/en\/wp-json\/wp\/v2\/product\/15776"}],"collection":[{"href":"https:\/\/www.paysagesrossignol.com\/en\/wp-json\/wp\/v2\/product"}],"about":[{"href":"https:\/\/www.paysagesrossignol.com\/en\/wp-json\/wp\/v2\/types\/product"}],"wp:featuredmedia":[{"embeddable":true,"href":"https:\/\/www.paysagesrossignol.com\/en\/wp-json\/wp\/v2\/media\/29397"}],"wp:attachment":[{"href":"https:\/\/www.paysagesrossignol.com\/en\/wp-json\/wp\/v2\/media?parent=15776"}],"wp:term":[{"taxonomy":"product_cat","embeddable":true,"href":"https:\/\/www.paysagesrossignol.com\/en\/wp-json\/wp\/v2\/product_cat?post=15776"},{"taxonomy":"product_tag","embeddable":true,"href":"https:\/\/www.paysagesrossignol.com\/en\/wp-json\/wp\/v2\/product_tag?post=15776"}],"curies":[{"name":"wp","href":"https:\/\/api.w.org\/{rel}","templated":true}]}}