{"id":15780,"date":"2026-03-10T00:00:02","date_gmt":"2026-03-10T04:00:02","guid":{"rendered":"https:\/\/www.paysagesrossignol.com\/produit\/citrouille-dills-atlantic-giant-pvt\/"},"modified":"2026-03-12T13:14:22","modified_gmt":"2026-03-12T17:14:22","slug":"citrouille-dills-atlantic-giant-pvt","status":"publish","type":"product","link":"https:\/\/www.paysagesrossignol.com\/en\/produit\/citrouille-dills-atlantic-giant-pvt\/","title":{"rendered":"Citrouille Dill&#8217;s Atlantic Giant PVP"},"content":{"rendered":"<h1>Voir disponibilit\u00e9 en magasin<\/h1>\n<p>La &#8220;grand-pam\u00e8re&#8221; des citrouilles qui peut devenir tr\u00e8s grosse, de 45 \u00e0 225 kg (100 \u00e0 500 lbs)! Quand les fruits apparaissent, laissez seulement un ou deux fruit par vigne. Arrosez fr\u00e9quemment et fertilisez de temps en temps.<\/p>\n<p>125 jours \u00e0 la r\u00e9colte<\/p>\n<p>McKenzie<\/p>\n<p>&nbsp;<\/p>\n<p>&nbsp;<\/p>\n","protected":false},"excerpt":{"rendered":"<p>Voir disponibilit\u00e9 en magasin La &#8220;grand-pam\u00e8re&#8221; des citrouilles qui peut devenir tr\u00e8s grosse, de 45 \u00e0 225 kg (100 \u00e0 500 lbs)! Quand les fruits apparaissent, laissez seulement un ou deux fruit par vigne. Arrosez fr\u00e9quemment et fertilisez de temps en temps. 125 jours \u00e0 la r\u00e9colte McKenzie &nbsp; &nbsp;<\/p>\n","protected":false},"featured_media":23521,"template":"","meta":[],"product_cat":[125],"product_tag":[],"acf":[],"_links":{"self":[{"href":"https:\/\/www.paysagesrossignol.com\/en\/wp-json\/wp\/v2\/product\/15780"}],"collection":[{"href":"https:\/\/www.paysagesrossignol.com\/en\/wp-json\/wp\/v2\/product"}],"about":[{"href":"https:\/\/www.paysagesrossignol.com\/en\/wp-json\/wp\/v2\/types\/product"}],"wp:featuredmedia":[{"embeddable":true,"href":"https:\/\/www.paysagesrossignol.com\/en\/wp-json\/wp\/v2\/media\/23521"}],"wp:attachment":[{"href":"https:\/\/www.paysagesrossignol.com\/en\/wp-json\/wp\/v2\/media?parent=15780"}],"wp:term":[{"taxonomy":"product_cat","embeddable":true,"href":"https:\/\/www.paysagesrossignol.com\/en\/wp-json\/wp\/v2\/product_cat?post=15780"},{"taxonomy":"product_tag","embeddable":true,"href":"https:\/\/www.paysagesrossignol.com\/en\/wp-json\/wp\/v2\/product_tag?post=15780"}],"curies":[{"name":"wp","href":"https:\/\/api.w.org\/{rel}","templated":true}]}}