{"id":15784,"date":"2026-03-10T00:00:02","date_gmt":"2026-03-10T04:00:02","guid":{"rendered":"https:\/\/www.paysagesrossignol.com\/produit\/concombre-corentine-hybride\/"},"modified":"2026-03-12T11:57:30","modified_gmt":"2026-03-12T15:57:30","slug":"concombre-corentine-hybride","status":"publish","type":"product","link":"https:\/\/www.paysagesrossignol.com\/en\/produit\/concombre-corentine-hybride\/","title":{"rendered":"Concombre Corentine Hybride"},"content":{"rendered":"<h1>Voir disponibilit\u00e9 en magasin<\/h1>\n<p>Remplace le cool breeze. Ce concombre europ\u00e9en gastronomique \u00e0 mariner est parth\u00e9nocarpique, ce qui signifie qu&#8217;il ne n\u00e9cessite pas de pollinisation pour produire. Bien qu&#8217;il soit g\u00e9n\u00e9ralement utilis\u00e9 comme cornichon, il est superbe aussi mang\u00e9 frais comme mini-concombre. Tr\u00e8s haut rendement. Reste ferme et croquant apr\u00e8s la cueillette. Compagnonnage: les haricots, pois, tomates, choux et laitues.<\/p>\n<p>50 jours \u00e0 la r\u00e9colte<\/p>\n<p>McKenzie<\/p>\n","protected":false},"excerpt":{"rendered":"<p>Voir disponibilit\u00e9 en magasin Remplace le cool breeze. Ce concombre europ\u00e9en gastronomique \u00e0 mariner est parth\u00e9nocarpique, ce qui signifie qu&#8217;il ne n\u00e9cessite pas de pollinisation pour produire. Bien qu&#8217;il soit g\u00e9n\u00e9ralement utilis\u00e9 comme cornichon, il est superbe aussi mang\u00e9 frais comme mini-concombre. Tr\u00e8s haut rendement. Reste ferme et croquant apr\u00e8s la cueillette. Compagnonnage: les haricots, [&hellip;]<\/p>\n","protected":false},"featured_media":29392,"template":"","meta":[],"product_cat":[125],"product_tag":[],"acf":[],"_links":{"self":[{"href":"https:\/\/www.paysagesrossignol.com\/en\/wp-json\/wp\/v2\/product\/15784"}],"collection":[{"href":"https:\/\/www.paysagesrossignol.com\/en\/wp-json\/wp\/v2\/product"}],"about":[{"href":"https:\/\/www.paysagesrossignol.com\/en\/wp-json\/wp\/v2\/types\/product"}],"wp:featuredmedia":[{"embeddable":true,"href":"https:\/\/www.paysagesrossignol.com\/en\/wp-json\/wp\/v2\/media\/29392"}],"wp:attachment":[{"href":"https:\/\/www.paysagesrossignol.com\/en\/wp-json\/wp\/v2\/media?parent=15784"}],"wp:term":[{"taxonomy":"product_cat","embeddable":true,"href":"https:\/\/www.paysagesrossignol.com\/en\/wp-json\/wp\/v2\/product_cat?post=15784"},{"taxonomy":"product_tag","embeddable":true,"href":"https:\/\/www.paysagesrossignol.com\/en\/wp-json\/wp\/v2\/product_tag?post=15784"}],"curies":[{"name":"wp","href":"https:\/\/api.w.org\/{rel}","templated":true}]}}