{"id":15786,"date":"2026-03-10T00:00:02","date_gmt":"2026-03-10T04:00:02","guid":{"rendered":"https:\/\/www.paysagesrossignol.com\/produit\/concombre-homemade-pickles\/"},"modified":"2026-03-10T17:26:40","modified_gmt":"2026-03-10T21:26:40","slug":"concombre-homemade-pickles","status":"publish","type":"product","link":"https:\/\/www.paysagesrossignol.com\/en\/produit\/concombre-homemade-pickles\/","title":{"rendered":"Concombre Homemade Pickles"},"content":{"rendered":"<h1>Voir disponibilit\u00e9 en magasin<\/h1>\n<p>Sp\u00e9cifiquement pour les marinades, cette vari\u00e9t\u00e9 produit des concombres verts de 5 \u00e0 15 cm (2 \u00e0 6&#8243;) \u00e0 la chair croustillante. Les plants genre arbustifs, sont compacts et parfaits pour les jardins de contenants et les petits espaces. Ces plants r\u00e9sistent aux maladies, rendement \u00e9lev\u00e9 de plantes font les meilleurs marinades. Peut \u00e9galement \u00eatre utilis\u00e9 comme une petite trancheuse.<\/p>\n<p>55 jours \u00e0 la r\u00e9colte<\/p>\n<p>McKenzie<\/p>\n","protected":false},"excerpt":{"rendered":"<p>Voir disponibilit\u00e9 en magasin Sp\u00e9cifiquement pour les marinades, cette vari\u00e9t\u00e9 produit des concombres verts de 5 \u00e0 15 cm (2 \u00e0 6&#8243;) \u00e0 la chair croustillante. Les plants genre arbustifs, sont compacts et parfaits pour les jardins de contenants et les petits espaces. Ces plants r\u00e9sistent aux maladies, rendement \u00e9lev\u00e9 de plantes font les meilleurs [&hellip;]<\/p>\n","protected":false},"featured_media":23703,"template":"","meta":[],"product_cat":[125],"product_tag":[],"acf":[],"_links":{"self":[{"href":"https:\/\/www.paysagesrossignol.com\/en\/wp-json\/wp\/v2\/product\/15786"}],"collection":[{"href":"https:\/\/www.paysagesrossignol.com\/en\/wp-json\/wp\/v2\/product"}],"about":[{"href":"https:\/\/www.paysagesrossignol.com\/en\/wp-json\/wp\/v2\/types\/product"}],"wp:featuredmedia":[{"embeddable":true,"href":"https:\/\/www.paysagesrossignol.com\/en\/wp-json\/wp\/v2\/media\/23703"}],"wp:attachment":[{"href":"https:\/\/www.paysagesrossignol.com\/en\/wp-json\/wp\/v2\/media?parent=15786"}],"wp:term":[{"taxonomy":"product_cat","embeddable":true,"href":"https:\/\/www.paysagesrossignol.com\/en\/wp-json\/wp\/v2\/product_cat?post=15786"},{"taxonomy":"product_tag","embeddable":true,"href":"https:\/\/www.paysagesrossignol.com\/en\/wp-json\/wp\/v2\/product_tag?post=15786"}],"curies":[{"name":"wp","href":"https:\/\/api.w.org\/{rel}","templated":true}]}}