{"id":15790,"date":"2026-03-10T00:00:11","date_gmt":"2026-03-10T04:00:11","guid":{"rendered":"https:\/\/www.paysagesrossignol.com\/produit\/citrouille-small-sugar\/"},"modified":"2026-03-10T16:13:15","modified_gmt":"2026-03-10T20:13:15","slug":"citrouille-small-sugar","status":"publish","type":"product","link":"https:\/\/www.paysagesrossignol.com\/en\/produit\/citrouille-small-sugar\/","title":{"rendered":"Citrouille Small Sugar"},"content":{"rendered":"<h1>Voir disponibilit\u00e9 en magasin<\/h1>\n<p>Produit de nombreuses citrouilles \u00e0 haute teneur en sucre. Elles p\u00e8sent environ 3 kg (7 lbs) et mesurent 18-25 cm (7-10&#8243;) de diam\u00e8tre. Saveur sucr\u00e9 et chair \u00e9paisse. La cavit\u00e9 r\u00e9serv\u00e9e aux graines est petites, laissant amplement de place pour la chair orange \u00e0 texture fine. La taille et la saveur sont parfaites pour les tartes et d&#8217;autres mets. Les fruits se conservent bien.<\/p>\n<p>110 jours \u00e0 la r\u00e9colte<\/p>\n<p>McKenzie<\/p>\n<p>&nbsp;<\/p>\n","protected":false},"excerpt":{"rendered":"<p>Voir disponibilit\u00e9 en magasin Produit de nombreuses citrouilles \u00e0 haute teneur en sucre. Elles p\u00e8sent environ 3 kg (7 lbs) et mesurent 18-25 cm (7-10&#8243;) de diam\u00e8tre. Saveur sucr\u00e9 et chair \u00e9paisse. La cavit\u00e9 r\u00e9serv\u00e9e aux graines est petites, laissant amplement de place pour la chair orange \u00e0 texture fine. La taille et la saveur [&hellip;]<\/p>\n","protected":false},"featured_media":23497,"template":"","meta":[],"product_cat":[125],"product_tag":[],"acf":[],"_links":{"self":[{"href":"https:\/\/www.paysagesrossignol.com\/en\/wp-json\/wp\/v2\/product\/15790"}],"collection":[{"href":"https:\/\/www.paysagesrossignol.com\/en\/wp-json\/wp\/v2\/product"}],"about":[{"href":"https:\/\/www.paysagesrossignol.com\/en\/wp-json\/wp\/v2\/types\/product"}],"wp:featuredmedia":[{"embeddable":true,"href":"https:\/\/www.paysagesrossignol.com\/en\/wp-json\/wp\/v2\/media\/23497"}],"wp:attachment":[{"href":"https:\/\/www.paysagesrossignol.com\/en\/wp-json\/wp\/v2\/media?parent=15790"}],"wp:term":[{"taxonomy":"product_cat","embeddable":true,"href":"https:\/\/www.paysagesrossignol.com\/en\/wp-json\/wp\/v2\/product_cat?post=15790"},{"taxonomy":"product_tag","embeddable":true,"href":"https:\/\/www.paysagesrossignol.com\/en\/wp-json\/wp\/v2\/product_tag?post=15790"}],"curies":[{"name":"wp","href":"https:\/\/api.w.org\/{rel}","templated":true}]}}