{"id":15796,"date":"2026-03-10T00:00:11","date_gmt":"2026-03-10T04:00:11","guid":{"rendered":"https:\/\/www.paysagesrossignol.com\/produit\/pois-de-senteur-streamers-en-melange\/"},"modified":"2026-03-13T08:28:29","modified_gmt":"2026-03-13T12:28:29","slug":"pois-de-senteur-streamers-en-melange","status":"publish","type":"product","link":"https:\/\/www.paysagesrossignol.com\/en\/produit\/pois-de-senteur-streamers-en-melange\/","title":{"rendered":"Pois de Senteur Streamers en m\u00e9lange"},"content":{"rendered":"<h1>Voir disponibilit\u00e9 en magasin<\/h1>\n<p>Le plus grand, le plus brillant et le plus doux de tous! Un m\u00e9lange de couleurs magnifiques \u00e0 fleurs g\u00e9antes volant\u00e9es, \u00e0 la senteur c\u00e9leste. Cette plante grimpe facilement, elle est parfaite le long d&#8217;un mur, d&#8217;une cl\u00f4ture, d&#8217;arches ou de treillis. Tol\u00e8re bien la chaleur. Faites tremper les graines dans de l&#8217;eau \u00e0 temp\u00e9rature ambiante 12 \u00e0 24 heures avant le semis pour favoriser la germination. Annuelle. Lathyrus Odoratus.<\/p>\n<p>65-90 jours \u00e0 la floraison<\/p>\n<p>McKenzie<\/p>\n","protected":false},"excerpt":{"rendered":"<p>Voir disponibilit\u00e9 en magasin Le plus grand, le plus brillant et le plus doux de tous! Un m\u00e9lange de couleurs magnifiques \u00e0 fleurs g\u00e9antes volant\u00e9es, \u00e0 la senteur c\u00e9leste. Cette plante grimpe facilement, elle est parfaite le long d&#8217;un mur, d&#8217;une cl\u00f4ture, d&#8217;arches ou de treillis. Tol\u00e8re bien la chaleur. Faites tremper les graines dans [&hellip;]<\/p>\n","protected":false},"featured_media":29464,"template":"","meta":[],"product_cat":[124],"product_tag":[],"acf":[],"_links":{"self":[{"href":"https:\/\/www.paysagesrossignol.com\/en\/wp-json\/wp\/v2\/product\/15796"}],"collection":[{"href":"https:\/\/www.paysagesrossignol.com\/en\/wp-json\/wp\/v2\/product"}],"about":[{"href":"https:\/\/www.paysagesrossignol.com\/en\/wp-json\/wp\/v2\/types\/product"}],"wp:featuredmedia":[{"embeddable":true,"href":"https:\/\/www.paysagesrossignol.com\/en\/wp-json\/wp\/v2\/media\/29464"}],"wp:attachment":[{"href":"https:\/\/www.paysagesrossignol.com\/en\/wp-json\/wp\/v2\/media?parent=15796"}],"wp:term":[{"taxonomy":"product_cat","embeddable":true,"href":"https:\/\/www.paysagesrossignol.com\/en\/wp-json\/wp\/v2\/product_cat?post=15796"},{"taxonomy":"product_tag","embeddable":true,"href":"https:\/\/www.paysagesrossignol.com\/en\/wp-json\/wp\/v2\/product_tag?post=15796"}],"curies":[{"name":"wp","href":"https:\/\/api.w.org\/{rel}","templated":true}]}}