{"id":15802,"date":"2026-03-10T00:00:18","date_gmt":"2026-03-10T04:00:18","guid":{"rendered":"https:\/\/www.paysagesrossignol.com\/produit\/pois-des-neiges-cosse-comestible\/"},"modified":"2026-03-10T14:50:51","modified_gmt":"2026-03-10T18:50:51","slug":"pois-des-neiges-cosse-comestible","status":"publish","type":"product","link":"https:\/\/www.paysagesrossignol.com\/en\/produit\/pois-des-neiges-cosse-comestible\/","title":{"rendered":"Pois des Neiges Cosse Comestible"},"content":{"rendered":"<h1>Voir disponibilit\u00e9 en magasin<\/h1>\n<p>Ce pois \u00e0 cosse comestible est \u00e0 la base de nombreux plats saut\u00e9s populaires. Succulente combin\u00e9e \u00e0 une texture remarquable. Il faut les cueillir quand les cosses sont encore minces et tendres, \u00e0 une longueur d&#8217;environ 8 cm (3&#8243;). D\u00e9licieux aussi en salade. Ces plantes volubiles exigent un support (treillis, filet, etc.). Hauteur de la plante: 75 cm (30&#8243;)<\/p>\n<p>58-68 jours \u00e0 la r\u00e9colte<\/p>\n<p>McKenzie<\/p>\n<p>&nbsp;<\/p>\n","protected":false},"excerpt":{"rendered":"<p>Voir disponibilit\u00e9 en magasin Ce pois \u00e0 cosse comestible est \u00e0 la base de nombreux plats saut\u00e9s populaires. Succulente combin\u00e9e \u00e0 une texture remarquable. Il faut les cueillir quand les cosses sont encore minces et tendres, \u00e0 une longueur d&#8217;environ 8 cm (3&#8243;). D\u00e9licieux aussi en salade. Ces plantes volubiles exigent un support (treillis, filet, [&hellip;]<\/p>\n","protected":false},"featured_media":23511,"template":"","meta":[],"product_cat":[125],"product_tag":[],"acf":[],"_links":{"self":[{"href":"https:\/\/www.paysagesrossignol.com\/en\/wp-json\/wp\/v2\/product\/15802"}],"collection":[{"href":"https:\/\/www.paysagesrossignol.com\/en\/wp-json\/wp\/v2\/product"}],"about":[{"href":"https:\/\/www.paysagesrossignol.com\/en\/wp-json\/wp\/v2\/types\/product"}],"wp:featuredmedia":[{"embeddable":true,"href":"https:\/\/www.paysagesrossignol.com\/en\/wp-json\/wp\/v2\/media\/23511"}],"wp:attachment":[{"href":"https:\/\/www.paysagesrossignol.com\/en\/wp-json\/wp\/v2\/media?parent=15802"}],"wp:term":[{"taxonomy":"product_cat","embeddable":true,"href":"https:\/\/www.paysagesrossignol.com\/en\/wp-json\/wp\/v2\/product_cat?post=15802"},{"taxonomy":"product_tag","embeddable":true,"href":"https:\/\/www.paysagesrossignol.com\/en\/wp-json\/wp\/v2\/product_tag?post=15802"}],"curies":[{"name":"wp","href":"https:\/\/api.w.org\/{rel}","templated":true}]}}