{"id":15804,"date":"2026-03-10T00:00:18","date_gmt":"2026-03-10T04:00:18","guid":{"rendered":"https:\/\/www.paysagesrossignol.com\/produit\/pois-little-marvel\/"},"modified":"2026-03-12T12:59:06","modified_gmt":"2026-03-12T16:59:06","slug":"pois-little-marvel","status":"publish","type":"product","link":"https:\/\/www.paysagesrossignol.com\/en\/produit\/pois-little-marvel\/","title":{"rendered":"Pois Little Marvel"},"content":{"rendered":"<h1>Voir disponibilit\u00e9 en magasin<\/h1>\n<p>Little Marvel est peut-\u00eatre le plus sucr\u00e9 de tous les petits pois h\u00e2tifs. Les plants compacts offrent une abondance de cosses de 8 \u00e0 10 cm (3-4&#8243;) de long portant chacune 6 ou 7 petits pois d\u00e9licieux. Employez frais, congel\u00e9 ou en conserve. Faites des semis successifs \u00e0 toutes les deux semaines jusqu&#8217;\u00e0 la mi-juin pour une saison de r\u00e9colte prolong\u00e9e. Hauteur de la plante: 45 cm (18&#8243;)<\/p>\n<p>63-68 jours \u00e0 la r\u00e9colte<\/p>\n<p>McKenzie<\/p>\n<p>&nbsp;<\/p>\n","protected":false},"excerpt":{"rendered":"<p>Voir disponibilit\u00e9 en magasin Little Marvel est peut-\u00eatre le plus sucr\u00e9 de tous les petits pois h\u00e2tifs. Les plants compacts offrent une abondance de cosses de 8 \u00e0 10 cm (3-4&#8243;) de long portant chacune 6 ou 7 petits pois d\u00e9licieux. Employez frais, congel\u00e9 ou en conserve. Faites des semis successifs \u00e0 toutes les deux [&hellip;]<\/p>\n","protected":false},"featured_media":27925,"template":"","meta":[],"product_cat":[125],"product_tag":[],"acf":[],"_links":{"self":[{"href":"https:\/\/www.paysagesrossignol.com\/en\/wp-json\/wp\/v2\/product\/15804"}],"collection":[{"href":"https:\/\/www.paysagesrossignol.com\/en\/wp-json\/wp\/v2\/product"}],"about":[{"href":"https:\/\/www.paysagesrossignol.com\/en\/wp-json\/wp\/v2\/types\/product"}],"wp:featuredmedia":[{"embeddable":true,"href":"https:\/\/www.paysagesrossignol.com\/en\/wp-json\/wp\/v2\/media\/27925"}],"wp:attachment":[{"href":"https:\/\/www.paysagesrossignol.com\/en\/wp-json\/wp\/v2\/media?parent=15804"}],"wp:term":[{"taxonomy":"product_cat","embeddable":true,"href":"https:\/\/www.paysagesrossignol.com\/en\/wp-json\/wp\/v2\/product_cat?post=15804"},{"taxonomy":"product_tag","embeddable":true,"href":"https:\/\/www.paysagesrossignol.com\/en\/wp-json\/wp\/v2\/product_tag?post=15804"}],"curies":[{"name":"wp","href":"https:\/\/api.w.org\/{rel}","templated":true}]}}