{"id":15810,"date":"2026-03-10T00:00:25","date_gmt":"2026-03-10T04:00:25","guid":{"rendered":"https:\/\/www.paysagesrossignol.com\/produit\/cantaloupe-minnesota-midget\/"},"modified":"2026-03-13T08:21:39","modified_gmt":"2026-03-13T12:21:39","slug":"cantaloupe-minnesota-midget","status":"publish","type":"product","link":"https:\/\/www.paysagesrossignol.com\/en\/produit\/cantaloupe-minnesota-midget\/","title":{"rendered":"Cantaloup Minnesota Midget"},"content":{"rendered":"<h1>Voir disponibilit\u00e9 en magasin<\/h1>\n<p>Un vrai ph\u00e9nom\u00e8ne! Une vigne de 90 cm (3&#8242;) tr\u00e8s prolifique, de cantaloups de 10 cm (4&#8243;) au go\u00fbt sucr\u00e9 tr\u00e8s unique et \u00e0 la chair \u00e9paisse et jaune dor\u00e9e. R\u00e9siste au Fusarium<\/p>\n<p>60-100 jours \u00e0 la r\u00e9colte<\/p>\n<p>McKenzie<\/p>\n","protected":false},"excerpt":{"rendered":"<p>Voir disponibilit\u00e9 en magasin Un vrai ph\u00e9nom\u00e8ne! Une vigne de 90 cm (3&#8242;) tr\u00e8s prolifique, de cantaloups de 10 cm (4&#8243;) au go\u00fbt sucr\u00e9 tr\u00e8s unique et \u00e0 la chair \u00e9paisse et jaune dor\u00e9e. R\u00e9siste au Fusarium 60-100 jours \u00e0 la r\u00e9colte McKenzie<\/p>\n","protected":false},"featured_media":23483,"template":"","meta":[],"product_cat":[125],"product_tag":[],"acf":[],"_links":{"self":[{"href":"https:\/\/www.paysagesrossignol.com\/en\/wp-json\/wp\/v2\/product\/15810"}],"collection":[{"href":"https:\/\/www.paysagesrossignol.com\/en\/wp-json\/wp\/v2\/product"}],"about":[{"href":"https:\/\/www.paysagesrossignol.com\/en\/wp-json\/wp\/v2\/types\/product"}],"wp:featuredmedia":[{"embeddable":true,"href":"https:\/\/www.paysagesrossignol.com\/en\/wp-json\/wp\/v2\/media\/23483"}],"wp:attachment":[{"href":"https:\/\/www.paysagesrossignol.com\/en\/wp-json\/wp\/v2\/media?parent=15810"}],"wp:term":[{"taxonomy":"product_cat","embeddable":true,"href":"https:\/\/www.paysagesrossignol.com\/en\/wp-json\/wp\/v2\/product_cat?post=15810"},{"taxonomy":"product_tag","embeddable":true,"href":"https:\/\/www.paysagesrossignol.com\/en\/wp-json\/wp\/v2\/product_tag?post=15810"}],"curies":[{"name":"wp","href":"https:\/\/api.w.org\/{rel}","templated":true}]}}