{"id":15814,"date":"2026-03-10T00:00:25","date_gmt":"2026-03-10T04:00:25","guid":{"rendered":"https:\/\/www.paysagesrossignol.com\/produit\/haricot-gold-rush-nain\/"},"modified":"2026-03-12T13:29:20","modified_gmt":"2026-03-12T17:29:20","slug":"haricot-gold-rush-nain","status":"publish","type":"product","link":"https:\/\/www.paysagesrossignol.com\/en\/produit\/haricot-gold-rush-nain\/","title":{"rendered":"Haricot Gold Rush (Nain)"},"content":{"rendered":"<h1>Voir disponibilit\u00e9 en magasin<\/h1>\n<p>Ce haricot polyvalent savoureux a une texture croquante qui est id\u00e9ale pour le marinage et la cong\u00e9lation. Les plantes buissonnantes de taille moyenne produisent d&#8217;abondantes gousses sans fil faciles \u00e0 cueillir et qui atteignent 10 a 12 cm (4-5&#8243;) de long. Ce haricot facile \u00e0 cultiver est r\u00e9sistant \u00e0 la pouriture des racines et au virus de la mosa\u00efque commune (BCMV), ce qui en fait un excellent choix pour les jardiniers autant novices que chevronn\u00e9s.<\/p>\n<p>53 jours \u00e0 la r\u00e9colte<\/p>\n<p>McKenzie<\/p>\n<p>&nbsp;<\/p>\n","protected":false},"excerpt":{"rendered":"<p>Voir disponibilit\u00e9 en magasin Ce haricot polyvalent savoureux a une texture croquante qui est id\u00e9ale pour le marinage et la cong\u00e9lation. Les plantes buissonnantes de taille moyenne produisent d&#8217;abondantes gousses sans fil faciles \u00e0 cueillir et qui atteignent 10 a 12 cm (4-5&#8243;) de long. Ce haricot facile \u00e0 cultiver est r\u00e9sistant \u00e0 la pouriture [&hellip;]<\/p>\n","protected":false},"featured_media":23107,"template":"","meta":[],"product_cat":[125],"product_tag":[],"acf":[],"_links":{"self":[{"href":"https:\/\/www.paysagesrossignol.com\/en\/wp-json\/wp\/v2\/product\/15814"}],"collection":[{"href":"https:\/\/www.paysagesrossignol.com\/en\/wp-json\/wp\/v2\/product"}],"about":[{"href":"https:\/\/www.paysagesrossignol.com\/en\/wp-json\/wp\/v2\/types\/product"}],"wp:featuredmedia":[{"embeddable":true,"href":"https:\/\/www.paysagesrossignol.com\/en\/wp-json\/wp\/v2\/media\/23107"}],"wp:attachment":[{"href":"https:\/\/www.paysagesrossignol.com\/en\/wp-json\/wp\/v2\/media?parent=15814"}],"wp:term":[{"taxonomy":"product_cat","embeddable":true,"href":"https:\/\/www.paysagesrossignol.com\/en\/wp-json\/wp\/v2\/product_cat?post=15814"},{"taxonomy":"product_tag","embeddable":true,"href":"https:\/\/www.paysagesrossignol.com\/en\/wp-json\/wp\/v2\/product_tag?post=15814"}],"curies":[{"name":"wp","href":"https:\/\/api.w.org\/{rel}","templated":true}]}}