{"id":15816,"date":"2026-03-10T00:00:25","date_gmt":"2026-03-10T04:00:25","guid":{"rendered":"https:\/\/www.paysagesrossignol.com\/produit\/rutabaga-american-purple-top\/"},"modified":"2026-03-13T09:13:11","modified_gmt":"2026-03-13T13:13:11","slug":"rutabaga-american-purple-top","status":"publish","type":"product","link":"https:\/\/www.paysagesrossignol.com\/en\/produit\/rutabaga-american-purple-top\/","title":{"rendered":"Rutabaga American Purple Top"},"content":{"rendered":"<h1>Voir disponibilit\u00e9 en magasin<\/h1>\n<p>Parmi les pr\u00e9f\u00e9r\u00e9s de long terme! Peut \u00eatre cuit et r\u00e9duit en pur\u00e9e comme une pomme de terre, coup\u00e9 en d\u00e9s pour les soupes et les rago\u00fbts ou cuit au four en casserole. Les fanes saut\u00e9es font un l\u00e9gume-feuille savoureux aussi! Un l\u00e9gume de saison froide qu&#8217;il vaut mieux r\u00e9colter par temps frais. Le rutabagas se conserve bien pour une consommation en hiver.<\/p>\n<p>90 jours \u00e0 la r\u00e9colte<\/p>\n<p>McKenzie<\/p>\n<p>&nbsp;<\/p>\n","protected":false},"excerpt":{"rendered":"<p>Voir disponibilit\u00e9 en magasin Parmi les pr\u00e9f\u00e9r\u00e9s de long terme! Peut \u00eatre cuit et r\u00e9duit en pur\u00e9e comme une pomme de terre, coup\u00e9 en d\u00e9s pour les soupes et les rago\u00fbts ou cuit au four en casserole. Les fanes saut\u00e9es font un l\u00e9gume-feuille savoureux aussi! Un l\u00e9gume de saison froide qu&#8217;il vaut mieux r\u00e9colter par [&hellip;]<\/p>\n","protected":false},"featured_media":23563,"template":"","meta":[],"product_cat":[125],"product_tag":[],"acf":[],"_links":{"self":[{"href":"https:\/\/www.paysagesrossignol.com\/en\/wp-json\/wp\/v2\/product\/15816"}],"collection":[{"href":"https:\/\/www.paysagesrossignol.com\/en\/wp-json\/wp\/v2\/product"}],"about":[{"href":"https:\/\/www.paysagesrossignol.com\/en\/wp-json\/wp\/v2\/types\/product"}],"wp:featuredmedia":[{"embeddable":true,"href":"https:\/\/www.paysagesrossignol.com\/en\/wp-json\/wp\/v2\/media\/23563"}],"wp:attachment":[{"href":"https:\/\/www.paysagesrossignol.com\/en\/wp-json\/wp\/v2\/media?parent=15816"}],"wp:term":[{"taxonomy":"product_cat","embeddable":true,"href":"https:\/\/www.paysagesrossignol.com\/en\/wp-json\/wp\/v2\/product_cat?post=15816"},{"taxonomy":"product_tag","embeddable":true,"href":"https:\/\/www.paysagesrossignol.com\/en\/wp-json\/wp\/v2\/product_tag?post=15816"}],"curies":[{"name":"wp","href":"https:\/\/api.w.org\/{rel}","templated":true}]}}